{"id":2868,"date":"2023-06-19T13:13:30","date_gmt":"2023-06-19T13:13:30","guid":{"rendered":"https:\/\/imprimearabais.ca\/?page_id=2868"},"modified":"2025-09-19T09:48:35","modified_gmt":"2025-09-19T13:48:35","slug":"3-etapes-simples","status":"publish","type":"page","link":"https:\/\/imprimearabais.ca\/en\/3-etapes-simples\/","title":{"rendered":"3 Simple Steps"},"content":{"rendered":"<p>[et_pb_section fb_built=\u00a0\u00bb1&Prime; _builder_version=\u00a0\u00bb4.21.0&Prime; _module_preset=\u00a0\u00bbdefault\u00a0\u00bb da_disable_devices=\u00a0\u00bboff|off|off\u00a0\u00bb global_colors_info=\u00a0\u00bb{}\u00a0\u00bb da_is_popup=\u00a0\u00bboff\u00a0\u00bb da_exit_intent=\u00a0\u00bboff\u00a0\u00bb da_has_close=\u00a0\u00bbon\u00a0\u00bb da_alt_close=\u00a0\u00bboff\u00a0\u00bb da_dark_close=\u00a0\u00bboff\u00a0\u00bb da_not_modal=\u00a0\u00bbon\u00a0\u00bb da_is_singular=\u00a0\u00bboff\u00a0\u00bb da_with_loader=\u00a0\u00bboff\u00a0\u00bb da_has_shadow=\u00a0\u00bbon\u00a0\u00bb][et_pb_row disabled_on=\u00a0\u00bbon|on|off\u00a0\u00bb _builder_version=\u00a0\u00bb4.21.0&Prime; _module_preset=\u00a0\u00bbdefault\u00a0\u00bb global_colors_info=\u00a0\u00bb{}\u00a0\u00bb][et_pb_column type=\u00a0\u00bb4_4&Prime; _builder_version=\u00a0\u00bb4.21.0&Prime; _module_preset=\u00a0\u00bbdefault\u00a0\u00bb global_colors_info=\u00a0\u00bb{}\u00a0\u00bb][et_pb_text _builder_version=\u00a0\u00bb4.27.4&Prime; _module_preset=\u00a0\u00bbdefault\u00a0\u00bb text_font=\u00a0\u00bbMontserrat|700|||||||\u00a0\u00bb text_text_color=\u00a0\u00bb#000000&Prime; text_font_size=\u00a0\u00bb38px\u00a0\u00bb header_font=\u00a0\u00bbMontserrat|900||on|||||\u00a0\u00bb header_text_color=\u00a0\u00bb#000000&Prime; header_font_size=\u00a0\u00bb45px\u00a0\u00bb custom_padding=\u00a0\u00bb||2px|||\u00a0\u00bb animation_style=\u00a0\u00bbfade\u00a0\u00bb animation_delay=\u00a0\u00bb150ms\u00a0\u00bb motion_trigger_start=\u00a0\u00bbtop\u00a0\u00bb header_font_size_tablet=\u00a0\u00bb45px\u00a0\u00bb header_font_size_phone=\u00a0\u00bb35px\u00a0\u00bb header_font_size_last_edited=\u00a0\u00bbon|phone\u00a0\u00bb global_colors_info=\u00a0\u00bb{}\u00a0\u00bb]<\/p>\n<h1 style=\"text-align: center;\">Votre projet commence<span style=\"color: #a01c27;\"> ici<\/span> !<\/h1>\n<p>[\/et_pb_text][\/et_pb_column][\/et_pb_row][et_pb_row column_structure=\u00a0\u00bb1_3,1_3,1_3&Prime; _builder_version=\u00a0\u00bb4.27.4&Prime; _module_preset=\u00a0\u00bbdefault\u00a0\u00bb max_width=\u00a0\u00bb1600px\u00a0\u00bb hover_enabled=\u00a0\u00bb0&Prime; global_colors_info=\u00a0\u00bb{}\u00a0\u00bb animation_style=\u00a0\u00bbslide\u00a0\u00bb animation_direction=\u00a0\u00bbright\u00a0\u00bb animation_intensity_slide=\u00a0\u00bb10%\u00a0\u00bb sticky_enabled=\u00a0\u00bb0&Prime;][et_pb_column type=\u00a0\u00bb1_3&Prime; _builder_version=\u00a0\u00bb4.27.4&Prime; _module_preset=\u00a0\u00bbdefault\u00a0\u00bb global_colors_info=\u00a0\u00bb{}\u00a0\u00bb][dsm_step_flow dsm_title=\u00a0\u00bbEnvoyez votre demande\u00a0\u00bb dsm_use_content=\u00a0\u00bboff\u00a0\u00bb dsm_show_dir=\u00a0\u00bbon\u00a0\u00bb dsm_dir_type=\u00a0\u00bbicon\u00a0\u00bb dsm_dir_font_icon=\u00a0\u00bb&#x24;||divi||400&Prime; dsm_image=\u00a0\u00bbhttps:\/\/imprimearabais.ca\/wp-content\/uploads\/2025\/06\/Nombre-05.png\u00a0\u00bb title_text=\u00a0\u00bbNombre-05&Prime; dsm_image_icon_bg_color=\u00a0\u00bbRGBA(255,255,255,0)\u00a0\u00bb dsm_image_icon_margin=\u00a0\u00bb||20px||false|false\u00a0\u00bb dsm_image_width=\u00a0\u00bb31%\u00a0\u00bb _builder_version=\u00a0\u00bb4.27.4&Prime; _module_preset=\u00a0\u00bbdefault\u00a0\u00bb header_font=\u00a0\u00bbMontserrat|800||on|||||\u00a0\u00bb header_text_color=\u00a0\u00bb#a01c27&Prime; header_font_size=\u00a0\u00bb25px\u00a0\u00bb border_radii_dsm_image_icon_border=\u00a0\u00bbon|10px|10px|10px|10px\u00a0\u00bb border_width_all_dsm_image_icon_border=\u00a0\u00bb3px\u00a0\u00bb border_color_all_dsm_image_icon_border=\u00a0\u00bb#000000&Prime; global_colors_info=\u00a0\u00bb{}\u00a0\u00bb][\/dsm_step_flow][\/et_pb_column][et_pb_column type=\u00a0\u00bb1_3&Prime; _builder_version=\u00a0\u00bb4.27.4&Prime; _module_preset=\u00a0\u00bbdefault\u00a0\u00bb global_colors_info=\u00a0\u00bb{}\u00a0\u00bb][dsm_step_flow dsm_title=\u00a0\u00bbProduction de la commande\u00a0\u00bb dsm_use_content=\u00a0\u00bboff\u00a0\u00bb dsm_show_dir=\u00a0\u00bbon\u00a0\u00bb dsm_dir_type=\u00a0\u00bbicon\u00a0\u00bb dsm_dir_font_icon=\u00a0\u00bb&#x24;||divi||400&Prime; dsm_image=\u00a0\u00bbhttps:\/\/imprimearabais.ca\/wp-content\/uploads\/2025\/06\/Nombre-06.png\u00a0\u00bb title_text=\u00a0\u00bbNombre-06&Prime; dsm_image_icon_bg_color=\u00a0\u00bbRGBA(255,255,255,0)\u00a0\u00bb dsm_image_icon_margin=\u00a0\u00bb||20px||false|false\u00a0\u00bb dsm_image_icon_padding=\u00a0\u00bb|10px||10px|false|false\u00a0\u00bb dsm_image_width=\u00a0\u00bb35%\u00a0\u00bb _builder_version=\u00a0\u00bb4.27.4&Prime; _module_preset=\u00a0\u00bbdefault\u00a0\u00bb header_font=\u00a0\u00bbMontserrat|800||on|||||\u00a0\u00bb header_text_color=\u00a0\u00bb#a01c27&Prime; header_font_size=\u00a0\u00bb25px\u00a0\u00bb border_radii_dsm_image_icon_border=\u00a0\u00bbon|10px|10px|10px|10px\u00a0\u00bb border_width_all_dsm_image_icon_border=\u00a0\u00bb3px\u00a0\u00bb border_color_all_dsm_image_icon_border=\u00a0\u00bb#000000&Prime; global_colors_info=\u00a0\u00bb{}\u00a0\u00bb][\/dsm_step_flow][\/et_pb_column][et_pb_column type=\u00a0\u00bb1_3&Prime; _builder_version=\u00a0\u00bb4.27.4&Prime; _module_preset=\u00a0\u00bbdefault\u00a0\u00bb global_colors_info=\u00a0\u00bb{}\u00a0\u00bb][dsm_step_flow dsm_title=\u00a0\u00bbR\u00e9cup\u00e9rez votre commande\u00a0\u00bb dsm_use_content=\u00a0\u00bboff\u00a0\u00bb dsm_image=\u00a0\u00bbhttps:\/\/imprimearabais.ca\/wp-content\/uploads\/2025\/06\/Nombre-07.png\u00a0\u00bb title_text=\u00a0\u00bbNombre-07&Prime; dsm_image_icon_bg_color=\u00a0\u00bbRGBA(255,255,255,0)\u00a0\u00bb dsm_image_icon_margin=\u00a0\u00bb||20px||false|false\u00a0\u00bb dsm_image_icon_padding=\u00a0\u00bb|10px||10px|false|false\u00a0\u00bb dsm_image_width=\u00a0\u00bb35%\u00a0\u00bb _builder_version=\u00a0\u00bb4.27.4&Prime; _module_preset=\u00a0\u00bbdefault\u00a0\u00bb header_font=\u00a0\u00bbMontserrat|800||on|||||\u00a0\u00bb header_text_color=\u00a0\u00bb#a01c27&Prime; header_font_size=\u00a0\u00bb25px\u00a0\u00bb border_radii_dsm_image_icon_border=\u00a0\u00bbon|10px|10px|10px|10px\u00a0\u00bb border_width_all_dsm_image_icon_border=\u00a0\u00bb3px\u00a0\u00bb border_color_all_dsm_image_icon_border=\u00a0\u00bb#000000&Prime; global_colors_info=\u00a0\u00bb{}\u00a0\u00bb][\/dsm_step_flow][\/et_pb_column][\/et_pb_row][et_pb_row _builder_version=\u00a0\u00bb4.21.0&Prime; _module_preset=\u00a0\u00bbdefault\u00a0\u00bb global_colors_info=\u00a0\u00bb{}\u00a0\u00bb][et_pb_column type=\u00a0\u00bb4_4&Prime; _builder_version=\u00a0\u00bb4.21.0&Prime; _module_preset=\u00a0\u00bbdefault\u00a0\u00bb global_colors_info=\u00a0\u00bb{}\u00a0\u00bb][et_pb_text _builder_version=\u00a0\u00bb4.24.0&Prime; _module_preset=\u00a0\u00bbdefault\u00a0\u00bb text_font=\u00a0\u00bbMontserrat||||||||\u00a0\u00bb text_text_color=\u00a0\u00bb#000000&Prime; text_font_size=\u00a0\u00bb32px\u00a0\u00bb text_line_height=\u00a0\u00bb1.8em\u00a0\u00bb animation_style=\u00a0\u00bbflip\u00a0\u00bb animation_duration=\u00a0\u00bb850ms\u00a0\u00bb animation_delay=\u00a0\u00bb250ms\u00a0\u00bb text_font_size_tablet=\u00a0\u00bb32px\u00a0\u00bb text_font_size_phone=\u00a0\u00bb20px\u00a0\u00bb text_font_size_last_edited=\u00a0\u00bbon|phone\u00a0\u00bb border_color_top=\u00a0\u00bb#E02B20&Prime; global_colors_info=\u00a0\u00bb{}\u00a0\u00bb]<\/p>\n<p style=\"text-align: center;\">Une fois votre demande re\u00e7ue elle sera <strong>rapidement analys\u00e9e<\/strong> et ensuite <strong>nous vous contacterons pour vous informer des tarifs<\/strong> et pour placer une commande officielle.<\/p>\n<p>[\/et_pb_text][\/et_pb_column][\/et_pb_row][et_pb_row _builder_version=\u00a0\u00bb4.21.0&Prime; _module_preset=\u00a0\u00bbdefault\u00a0\u00bb global_colors_info=\u00a0\u00bb{}\u00a0\u00bb][et_pb_column type=\u00a0\u00bb4_4&Prime; _builder_version=\u00a0\u00bb4.21.0&Prime; _module_preset=\u00a0\u00bbdefault\u00a0\u00bb global_colors_info=\u00a0\u00bb{}\u00a0\u00bb][et_pb_contact_form use_spam_service=\u00a0\u00bbon\u00a0\u00bb recaptcha_list=\u00a0\u00bbkrezus|krezus-0&Prime; email=\u00a0\u00bbinfo@imprimearabais.ca\u00a0\u00bb custom_message=\u00a0\u00bbFORMULAIRE 3 ETAPES SIMPLES||et_pb_line_break_holder||||et_pb_line_break_holder||%%Message%%||et_pb_line_break_holder||%%Nom%%||et_pb_line_break_holder||%%Courriel%%||et_pb_line_break_holder||%%T\u00e9l\u00e9phone%%\u00a0\u00bb success_message=\u00a0\u00bbVotre demande a bien \u00e9t\u00e9 envoy\u00e9e\u00a0\u00bb submit_button_text=\u00a0\u00bbEnvoyez votre demande\u00a0\u00bb _builder_version=\u00a0\u00bb4.27.4&Prime; _module_preset=\u00a0\u00bbdefault\u00a0\u00bb _unique_id=\u00a0\u00bb849465aa-6960-4d91-8a5a-d273cac05ebc\u00a0\u00bb form_field_background_color=\u00a0\u00bb#000000&Prime; form_field_text_color=\u00a0\u00bb#FFFFFF\u00a0\u00bb form_field_custom_margin=\u00a0\u00bb-18px||||false|false\u00a0\u00bb form_field_font=\u00a0\u00bbMontserrat|500|||||||\u00a0\u00bb form_field_font_size=\u00a0\u00bb20px\u00a0\u00bb form_field_line_height=\u00a0\u00bb1.8em\u00a0\u00bb custom_button=\u00a0\u00bbon\u00a0\u00bb button_text_size=\u00a0\u00bb24px\u00a0\u00bb button_text_color=\u00a0\u00bb#FFFFFF\u00a0\u00bb button_bg_color=\u00a0\u00bb#a01c27&Prime; button_border_radius=\u00a0\u00bb0px\u00a0\u00bb button_letter_spacing=\u00a0\u00bb0px\u00a0\u00bb button_font=\u00a0\u00bbMontserrat||||||||\u00a0\u00bb button_icon=\u00a0\u00bb&#x41;||divi||400&Prime; module_alignment=\u00a0\u00bbcenter\u00a0\u00bb custom_padding=\u00a0\u00bb||0px|||\u00a0\u00bb button_text_size_tablet=\u00a0\u00bb24px\u00a0\u00bb button_text_size_phone=\u00a0\u00bb15px\u00a0\u00bb button_text_size_last_edited=\u00a0\u00bbon|phone\u00a0\u00bb global_colors_info=\u00a0\u00bb{}\u00a0\u00bb][et_pb_contact_field field_id=\u00a0\u00bbNom\u00a0\u00bb field_title=\u00a0\u00bbNom\u00a0\u00bb fullwidth_field=\u00a0\u00bbon\u00a0\u00bb _builder_version=\u00a0\u00bb4.21.0&Prime; _module_preset=\u00a0\u00bbdefault\u00a0\u00bb global_colors_info=\u00a0\u00bb{}\u00a0\u00bb][\/et_pb_contact_field][et_pb_contact_field field_id=\u00a0\u00bbCourriel\u00a0\u00bb field_title=\u00a0\u00bbCourriel\u00a0\u00bb fullwidth_field=\u00a0\u00bbon\u00a0\u00bb _builder_version=\u00a0\u00bb4.21.0&Prime; _module_preset=\u00a0\u00bbdefault\u00a0\u00bb global_colors_info=\u00a0\u00bb{}\u00a0\u00bb][\/et_pb_contact_field][et_pb_contact_field field_id=\u00a0\u00bbT\u00e9l\u00e9phone\u00a0\u00bb field_title=\u00a0\u00bbT\u00e9l\u00e9phone\u00a0\u00bb fullwidth_field=\u00a0\u00bbon\u00a0\u00bb _builder_version=\u00a0\u00bb4.21.0&Prime; _module_preset=\u00a0\u00bbdefault\u00a0\u00bb global_colors_info=\u00a0\u00bb{}\u00a0\u00bb][\/et_pb_contact_field][et_pb_contact_field field_id=\u00a0\u00bbMessage\u00a0\u00bb field_title=\u00a0\u00bbMessage\u00a0\u00bb field_type=\u00a0\u00bbtext\u00a0\u00bb fullwidth_field=\u00a0\u00bbon\u00a0\u00bb _builder_version=\u00a0\u00bb4.21.0&Prime; global_colors_info=\u00a0\u00bb{}\u00a0\u00bb button_text_size__hover_enabled=\u00a0\u00bboff\u00a0\u00bb button_one_text_size__hover_enabled=\u00a0\u00bboff\u00a0\u00bb button_two_text_size__hover_enabled=\u00a0\u00bboff\u00a0\u00bb button_text_color__hover_enabled=\u00a0\u00bboff\u00a0\u00bb button_one_text_color__hover_enabled=\u00a0\u00bboff\u00a0\u00bb button_two_text_color__hover_enabled=\u00a0\u00bboff\u00a0\u00bb button_border_width__hover_enabled=\u00a0\u00bboff\u00a0\u00bb button_one_border_width__hover_enabled=\u00a0\u00bboff\u00a0\u00bb button_two_border_width__hover_enabled=\u00a0\u00bboff\u00a0\u00bb button_border_color__hover_enabled=\u00a0\u00bboff\u00a0\u00bb button_one_border_color__hover_enabled=\u00a0\u00bboff\u00a0\u00bb button_two_border_color__hover_enabled=\u00a0\u00bboff\u00a0\u00bb button_border_radius__hover_enabled=\u00a0\u00bboff\u00a0\u00bb button_one_border_radius__hover_enabled=\u00a0\u00bboff\u00a0\u00bb button_two_border_radius__hover_enabled=\u00a0\u00bboff\u00a0\u00bb button_letter_spacing__hover_enabled=\u00a0\u00bboff\u00a0\u00bb button_one_letter_spacing__hover_enabled=\u00a0\u00bboff\u00a0\u00bb button_two_letter_spacing__hover_enabled=\u00a0\u00bboff\u00a0\u00bb button_bg_color__hover_enabled=\u00a0\u00bboff\u00a0\u00bb button_one_bg_color__hover_enabled=\u00a0\u00bboff\u00a0\u00bb button_two_bg_color__hover_enabled=\u00a0\u00bboff\u00a0\u00bb][\/et_pb_contact_field][\/et_pb_contact_form][\/et_pb_column][\/et_pb_row][\/et_pb_section]<\/p>\n","protected":false},"excerpt":{"rendered":"<p>Your project starts here!<div class=\"et_pb_with_border et_pb_module dsm_step_flow dsm_step_flow_0\">\n\t\t\t\t\n\t\t\t\t\n\t\t\t\t\n\t\t\t\t\n\t\t\t\t\n\t\t\t\t\n\t\t\t\t<div class=\"et_pb_module_inner\">\n\t\t\t\t\t<div class=\"dsm-step-flow-container\">\n\t\t\t\t<div class=\"dsm-steps-image-icon-wrapper\">\n\t\t\t\t\t<div class=\"dsm-step-arrow\"><\/div>  \n\t\t\t\t\t<span class=\"dsm-image-wrap\"><img decoding=\"async\" src=\"https:\/\/imprimearabais.ca\/wp-content\/uploads\/2025\/06\/Nombre-05.png\" alt=\"\" title=\"Number 05\" srcset=\"https:\/\/imprimearabais.ca\/wp-content\/uploads\/2025\/06\/Nombre-05.png 810w, https:\/\/imprimearabais.ca\/wp-content\/uploads\/2025\/06\/Nombre-05-480x382.png 480w\" sizes=\"(min-width: 0px) and (max-width: 480px) 480px, (min-width: 481px) 810px, 100vw\" \/><\/span>\n\t\t\t\t\t\n\t\t\t\t\t<span class=\"dsm_dir_icon\">$<\/span>\n\t\t\t\t\t\n\t\t\t\t<\/div>\n\t\t\t\t\n\t\t\t\t<h4 class=\"dsm-title\">Send your request<\/h4>\n\t\t\t\t\n\t\t\t\t \n\t\t\t<\/div>\n\t\t\t\t<\/div>\n\t\t\t<\/div><div class=\"et_pb_with_border et_pb_module dsm_step_flow dsm_step_flow_1\">\n\t\t\t\t\n\t\t\t\t\n\t\t\t\t\n\t\t\t\t\n\t\t\t\t\n\t\t\t\t\n\t\t\t\t<div class=\"et_pb_module_inner\">\n\t\t\t\t\t<div class=\"dsm-step-flow-container\">\n\t\t\t\t<div class=\"dsm-steps-image-icon-wrapper\">\n\t\t\t\t\t<div class=\"dsm-step-arrow\"><\/div>  \n\t\t\t\t\t<span class=\"dsm-image-wrap\"><img decoding=\"async\" src=\"https:\/\/imprimearabais.ca\/wp-content\/uploads\/2025\/06\/Nombre-06.png\" alt=\"\" title=\"Number-06\" srcset=\"https:\/\/imprimearabais.ca\/wp-content\/uploads\/2025\/06\/Nombre-06.png 810w, https:\/\/imprimearabais.ca\/wp-content\/uploads\/2025\/06\/Nombre-06-480x382.png 480w\" sizes=\"(min-width: 0px) and (max-width: 480px) 480px, (min-width: 481px) 810px, 100vw\" \/><\/span>\n\t\t\t\t\t\n\t\t\t\t\t<span class=\"dsm_dir_icon\">$<\/span>\n\t\t\t\t\t\n\t\t\t\t<\/div>\n\t\t\t\t\n\t\t\t\t<h4 class=\"dsm-title\">Order production<\/h4>\n\t\t\t\t\n\t\t\t\t \n\t\t\t<\/div>\n\t\t\t\t<\/div>\n\t\t\t<\/div><div class=\"et_pb_with_border et_pb_module dsm_step_flow dsm_step_flow_2\">\n\t\t\t\t\n\t\t\t\t\n\t\t\t\t\n\t\t\t\t\n\t\t\t\t\n\t\t\t\t\n\t\t\t\t<div class=\"et_pb_module_inner\">\n\t\t\t\t\t<div class=\"dsm-step-flow-container\">\n\t\t\t\t<div class=\"dsm-steps-image-icon-wrapper\">\n\t\t\t\t\t  \n\t\t\t\t\t<span class=\"dsm-image-wrap\"><img decoding=\"async\" src=\"https:\/\/imprimearabais.ca\/wp-content\/uploads\/2025\/06\/Nombre-07.png\" alt=\"\" title=\"Number 07\" srcset=\"https:\/\/imprimearabais.ca\/wp-content\/uploads\/2025\/06\/Nombre-07.png 810w, https:\/\/imprimearabais.ca\/wp-content\/uploads\/2025\/06\/Nombre-07-480x382.png 480w\" sizes=\"(min-width: 0px) and (max-width: 480px) 480px, (min-width: 481px) 810px, 100vw\" \/><\/span>\n\t\t\t\t\t\n\t\t\t\t\t\n\t\t\t\t\t\n\t\t\t\t<\/div>\n\t\t\t\t\n\t\t\t\t<h4 class=\"dsm-title\">Pick up your order<\/h4>\n\t\t\t\t\n\t\t\t\t \n\t\t\t<\/div>\n\t\t\t\t<\/div>\n\t\t\t<\/div>Once we have received your request, we will quickly analyze it and then contact you to inform you of our prices and to place an official order.<\/p>","protected":false},"author":12,"featured_media":0,"parent":0,"menu_order":0,"comment_status":"closed","ping_status":"closed","template":"","meta":{"_et_pb_use_builder":"on","_et_pb_old_content":"","_et_gb_content_width":"","footnotes":""},"class_list":["post-2868","page","type-page","status-publish","hentry"],"aioseo_notices":[],"_links":{"self":[{"href":"https:\/\/imprimearabais.ca\/en\/wp-json\/wp\/v2\/pages\/2868","targetHints":{"allow":["GET"]}}],"collection":[{"href":"https:\/\/imprimearabais.ca\/en\/wp-json\/wp\/v2\/pages"}],"about":[{"href":"https:\/\/imprimearabais.ca\/en\/wp-json\/wp\/v2\/types\/page"}],"author":[{"embeddable":true,"href":"https:\/\/imprimearabais.ca\/en\/wp-json\/wp\/v2\/users\/12"}],"replies":[{"embeddable":true,"href":"https:\/\/imprimearabais.ca\/en\/wp-json\/wp\/v2\/comments?post=2868"}],"version-history":[{"count":25,"href":"https:\/\/imprimearabais.ca\/en\/wp-json\/wp\/v2\/pages\/2868\/revisions"}],"predecessor-version":[{"id":7221,"href":"https:\/\/imprimearabais.ca\/en\/wp-json\/wp\/v2\/pages\/2868\/revisions\/7221"}],"wp:attachment":[{"href":"https:\/\/imprimearabais.ca\/en\/wp-json\/wp\/v2\/media?parent=2868"}],"curies":[{"name":"wp","href":"https:\/\/api.w.org\/{rel}","templated":true}]}}