{"id":4858,"date":"2024-10-02T13:38:56","date_gmt":"2024-10-02T17:38:56","guid":{"rendered":"https:\/\/imprimearabais.ca\/?page_id=4858"},"modified":"2024-10-04T13:00:53","modified_gmt":"2024-10-04T17:00:53","slug":"copies","status":"publish","type":"page","link":"https:\/\/imprimearabais.ca\/en\/copies\/","title":{"rendered":"Copies"},"content":{"rendered":"<p>[et_pb_section fb_built=\u00a0\u00bb1&Prime; _builder_version=\u00a0\u00bb4.27.2&Prime; _module_preset=\u00a0\u00bbdefault\u00a0\u00bb da_disable_devices=\u00a0\u00bboff|off|off\u00a0\u00bb global_colors_info=\u00a0\u00bb{}\u00a0\u00bb da_is_popup=\u00a0\u00bboff\u00a0\u00bb da_exit_intent=\u00a0\u00bboff\u00a0\u00bb da_has_close=\u00a0\u00bbon\u00a0\u00bb da_alt_close=\u00a0\u00bboff\u00a0\u00bb da_dark_close=\u00a0\u00bboff\u00a0\u00bb da_not_modal=\u00a0\u00bbon\u00a0\u00bb da_is_singular=\u00a0\u00bboff\u00a0\u00bb da_with_loader=\u00a0\u00bboff\u00a0\u00bb da_has_shadow=\u00a0\u00bbon\u00a0\u00bb][et_pb_row column_structure=\u00a0\u00bb1_2,1_2&Prime; _builder_version=\u00a0\u00bb4.27.2&Prime; _module_preset=\u00a0\u00bbdefault\u00a0\u00bb global_colors_info=\u00a0\u00bb{}\u00a0\u00bb][et_pb_column type=\u00a0\u00bb1_2&Prime; _builder_version=\u00a0\u00bb4.27.2&Prime; _module_preset=\u00a0\u00bbdefault\u00a0\u00bb global_colors_info=\u00a0\u00bb{}\u00a0\u00bb][et_pb_image src=\u00a0\u00bbhttps:\/\/imprimearabais.ca\/wp-content\/uploads\/2023\/06\/Papier-commandite.png\u00a0\u00bb alt=\u00a0\u00bbImpression_papier_individuel\u00a0\u00bb title_text=\u00a0\u00bbPapier-commandite\u00a0\u00bb align=\u00a0\u00bbcenter\u00a0\u00bb _builder_version=\u00a0\u00bb4.27.2&Prime; _module_preset=\u00a0\u00bbdefault\u00a0\u00bb width=\u00a0\u00bb90%\u00a0\u00bb width_last_edited=\u00a0\u00bboff|desktop\u00a0\u00bb global_colors_info=\u00a0\u00bb{}\u00a0\u00bb width__hover_enabled=\u00a0\u00bboff|desktop\u00a0\u00bb][\/et_pb_image][\/et_pb_column][et_pb_column type=\u00a0\u00bb1_2&Prime; _builder_version=\u00a0\u00bb4.27.2&Prime; _module_preset=\u00a0\u00bbdefault\u00a0\u00bb global_colors_info=\u00a0\u00bb{}\u00a0\u00bb][et_pb_text _builder_version=\u00a0\u00bb4.27.2&Prime; _module_preset=\u00a0\u00bbdefault\u00a0\u00bb text_font=\u00a0\u00bbMontserrat||||||||\u00a0\u00bb text_text_color=\u00a0\u00bb#000000&Prime; text_font_size=\u00a0\u00bb16px\u00a0\u00bb header_font=\u00a0\u00bbMontserrat|900||on|||||\u00a0\u00bb header_text_color=\u00a0\u00bb#a01c27&Prime; header_font_size=\u00a0\u00bb50px\u00a0\u00bb text_orientation=\u00a0\u00bbjustified\u00a0\u00bb global_colors_info=\u00a0\u00bb{}\u00a0\u00bb]<\/p>\n<h1><\/h1>\n<p>&nbsp;<\/p>\n<h1>Copies<\/h1>\n<p>Notre service d&rsquo;impression de copies est con\u00e7u pour r\u00e9pondre \u00e0 vos besoins en duplication rapide et de qualit\u00e9. Que vous ayez besoin de reproduire des documents, des rapports, ou des pr\u00e9sentations, nous garantissons des impressions nettes et professionnelles. Gr\u00e2ce \u00e0 nos \u00e9quipements modernes, nous vous offrons des copies en noir et blanc ou en couleur, adapt\u00e9es \u00e0 tous vos projets. Vous pouvez compter sur nous pour des r\u00e9sultats rapides, pr\u00e9cis et \u00e0 un excellent rapport qualit\u00e9-prix.<\/p>\n<p>[\/et_pb_text][et_pb_button button_url=\u00a0\u00bbhttps:\/\/imprimearabais.ca\/contact\/\u00a0\u00bb button_text=\u00a0\u00bbContactez-nous\u00a0\u00bb _builder_version=\u00a0\u00bb4.27.2&Prime; _module_preset=\u00a0\u00bbdefault\u00a0\u00bb custom_button=\u00a0\u00bbon\u00a0\u00bb button_text_size=\u00a0\u00bb18px\u00a0\u00bb button_text_color=\u00a0\u00bb#FFFFFF\u00a0\u00bb button_bg_color=\u00a0\u00bb#a01c27&Prime; button_border_color=\u00a0\u00bbRGBA(255,255,255,0)\u00a0\u00bb button_font=\u00a0\u00bbMontserrat|600||on|||||\u00a0\u00bb global_colors_info=\u00a0\u00bb{}\u00a0\u00bb][\/et_pb_button][\/et_pb_column][\/et_pb_row][et_pb_row _builder_version=\u00a0\u00bb4.27.2&Prime; _module_preset=\u00a0\u00bbdefault\u00a0\u00bb global_colors_info=\u00a0\u00bb{}\u00a0\u00bb][et_pb_column type=\u00a0\u00bb4_4&Prime; _builder_version=\u00a0\u00bb4.27.2&Prime; _module_preset=\u00a0\u00bbdefault\u00a0\u00bb global_colors_info=\u00a0\u00bb{}\u00a0\u00bb][et_pb_text _builder_version=\u00a0\u00bb4.27.2&Prime; _module_preset=\u00a0\u00bbdefault\u00a0\u00bb text_font=\u00a0\u00bbMontserrat||||||||\u00a0\u00bb text_text_color=\u00a0\u00bb#000000&Prime; text_font_size=\u00a0\u00bb16px\u00a0\u00bb header_font=\u00a0\u00bbMontserrat|900||on|||||\u00a0\u00bb header_text_color=\u00a0\u00bb#a01c27&Prime; header_font_size=\u00a0\u00bb50px\u00a0\u00bb header_2_font=\u00a0\u00bbMontserrat|600|||||||\u00a0\u00bb header_2_text_color=\u00a0\u00bb#a01c27&Prime; header_2_font_size=\u00a0\u00bb24px\u00a0\u00bb text_orientation=\u00a0\u00bbjustified\u00a0\u00bb header_2_text_align_tablet=\u00a0\u00bb\u00a0\u00bb header_2_text_align_phone=\u00a0\u00bbleft\u00a0\u00bb header_2_text_align_last_edited=\u00a0\u00bbon|desktop\u00a0\u00bb global_colors_info=\u00a0\u00bb{}\u00a0\u00bb]<\/p>\n<h2>Nous offrons aussi plusieurs options pour personnaliser vos copies :<\/h2>\n<p>[\/et_pb_text][et_pb_divider color=\u00a0\u00bb#000000&Prime; divider_weight=\u00a0\u00bb2px\u00a0\u00bb divider_weight_last_edited=\u00a0\u00bboff|phone\u00a0\u00bb _builder_version=\u00a0\u00bb4.27.2&Prime; _module_preset=\u00a0\u00bbdefault\u00a0\u00bb width=\u00a0\u00bb77%\u00a0\u00bb width_tablet=\u00a0\u00bb100%\u00a0\u00bb width_phone=\u00a0\u00bb100%\u00a0\u00bb width_last_edited=\u00a0\u00bbon|tablet\u00a0\u00bb custom_margin=\u00a0\u00bb-20px||-10px||false|false\u00a0\u00bb global_colors_info=\u00a0\u00bb{}\u00a0\u00bb][\/et_pb_divider][et_pb_text _builder_version=\u00a0\u00bb4.27.2&Prime; _module_preset=\u00a0\u00bbdefault\u00a0\u00bb text_font=\u00a0\u00bbMontserrat||||||||\u00a0\u00bb text_text_color=\u00a0\u00bb#000000&Prime; text_font_size=\u00a0\u00bb16px\u00a0\u00bb header_font=\u00a0\u00bbMontserrat|900||on|||||\u00a0\u00bb header_text_color=\u00a0\u00bb#a01c27&Prime; header_font_size=\u00a0\u00bb50px\u00a0\u00bb header_2_font=\u00a0\u00bbMontserrat|600|||||||\u00a0\u00bb header_2_text_color=\u00a0\u00bb#a01c27&Prime; header_2_font_size=\u00a0\u00bb24px\u00a0\u00bb text_orientation=\u00a0\u00bbjustified\u00a0\u00bb global_colors_info=\u00a0\u00bb{}\u00a0\u00bb]<\/p>\n<ul>\n<li><strong>Plastification<\/strong> : Prot\u00e9gez vos documents contre l&rsquo;usure et les \u00e9l\u00e9ments avec une plastification durable, id\u00e9ale pour les affiches, menus et autres supports fr\u00e9quemment manipul\u00e9s.<\/li>\n<li><strong>Boudinage<\/strong> : Donnez \u00e0 vos rapports ou dossiers un aspect soign\u00e9 et professionnel avec notre service de reliure \u00e0 spirale.<\/li>\n<li><strong>Perforation<\/strong> : Pratique pour les classeurs et les documents \u00e0 archiver, la perforation facilite l&rsquo;organisation de vos copies.<\/li>\n<\/ul>\n<p>[\/et_pb_text][\/et_pb_column][\/et_pb_row][\/et_pb_section][et_pb_section fb_built=\u00a0\u00bb1&Prime; fullwidth=\u00a0\u00bbon\u00a0\u00bb _builder_version=\u00a0\u00bb4.27.2&Prime; _module_preset=\u00a0\u00bbdefault\u00a0\u00bb da_disable_devices=\u00a0\u00bboff|off|off\u00a0\u00bb global_colors_info=\u00a0\u00bb{}\u00a0\u00bb da_is_popup=\u00a0\u00bboff\u00a0\u00bb da_exit_intent=\u00a0\u00bboff\u00a0\u00bb da_has_close=\u00a0\u00bbon\u00a0\u00bb da_alt_close=\u00a0\u00bboff\u00a0\u00bb da_dark_close=\u00a0\u00bboff\u00a0\u00bb da_not_modal=\u00a0\u00bbon\u00a0\u00bb da_is_singular=\u00a0\u00bboff\u00a0\u00bb da_with_loader=\u00a0\u00bboff\u00a0\u00bb da_has_shadow=\u00a0\u00bbon\u00a0\u00bb][et_pb_text_extender _builder_version=\u00a0\u00bb4.27.2&Prime; _module_preset=\u00a0\u00bbdefault\u00a0\u00bb header_font=\u00a0\u00bbMontserrat|900||on|||||\u00a0\u00bb header_text_color=\u00a0\u00bb#a01c27&Prime; header_font_size=\u00a0\u00bb60px\u00a0\u00bb header_2_font=\u00a0\u00bbMontserrat||||||||\u00a0\u00bb header_2_text_color=\u00a0\u00bb#000000&Prime; global_colors_info=\u00a0\u00bb{}\u00a0\u00bb]<\/p>\n<h1 style=\"text-align: center;\"><\/h1>\n<h1 style=\"text-align: center;\"><\/h1>\n<h1 style=\"text-align: center;\">Venez nous voir<\/h1>\n<h2 style=\"text-align: center;\">Service sans rendez-vous, disponible en tout temps!<\/h2>\n<p>&nbsp;<\/p>\n<p>[\/et_pb_text_extender][et_pb_fullwidth_code _builder_version=\u00a0\u00bb4.27.2&Prime; _module_preset=\u00a0\u00bbdefault\u00a0\u00bb global_colors_info=\u00a0\u00bb{}\u00a0\u00bb]<iframe src=\"https:\/\/www.google.com\/maps\/embed?pb=!1m18!1m12!1m3!1d2729.4743636572825!2d-71.2768821225542!3d46.83435104098378!2m3!1f0!2f0!3f0!3m2!1i1024!2i768!4f13.1!3m3!1m2!1s0x4cb897c599fc9cf3%3A0x68cc32be9c543422!2s710%20Rue%20Bouvier%20%23140%2C%20Qu%C3%A9bec%20City%2C%20QC%20G2J%201A7!5e0!3m2!1sen!2sca!4v1728050098231!5m2!1sen!2sca\" width=\"3000\" height=\"600\" style=\"border:0;\" allowfullscreen=\"\" loading=\"lazy\" referrerpolicy=\"no-referrer-when-downgrade\"><\/iframe>[\/et_pb_fullwidth_code][\/et_pb_section]<\/p>\n","protected":false},"excerpt":{"rendered":"<p>&nbsp; Copies Notre service d&rsquo;impression de copies est con\u00e7u pour r\u00e9pondre \u00e0 vos besoins en duplication rapide et de qualit\u00e9. Que vous ayez besoin de reproduire des documents, des rapports, ou des pr\u00e9sentations, nous garantissons des impressions nettes et professionnelles. Gr\u00e2ce \u00e0 nos \u00e9quipements modernes, nous vous offrons des copies en noir et blanc ou en couleur, adapt\u00e9es \u00e0 tous vos projets. Vous pouvez compter sur nous pour des r\u00e9sultats rapides, pr\u00e9cis et \u00e0 un excellent rapport qualit\u00e9-prix.Nous offrons aussi plusieurs options pour personnaliser vos copies : Plastification : Prot\u00e9gez vos documents contre l&rsquo;usure et les \u00e9l\u00e9ments avec une plastification durable, id\u00e9ale pour les affiches, menus et autres supports fr\u00e9quemment manipul\u00e9s. Boudinage : Donnez \u00e0 vos rapports ou dossiers un aspect soign\u00e9 et professionnel avec notre service de reliure \u00e0 spirale. Perforation : Pratique pour les classeurs et les documents \u00e0 archiver, la perforation facilite l&rsquo;organisation de vos copies. Venez nous voir Service sans rendez-vous, disponible en tout temps! &nbsp;<\/p>","protected":false},"author":12,"featured_media":0,"parent":0,"menu_order":0,"comment_status":"closed","ping_status":"closed","template":"","meta":{"_et_pb_use_builder":"on","_et_pb_old_content":"","_et_gb_content_width":"","footnotes":""},"class_list":["post-4858","page","type-page","status-publish","hentry"],"aioseo_notices":[],"_links":{"self":[{"href":"https:\/\/imprimearabais.ca\/en\/wp-json\/wp\/v2\/pages\/4858","targetHints":{"allow":["GET"]}}],"collection":[{"href":"https:\/\/imprimearabais.ca\/en\/wp-json\/wp\/v2\/pages"}],"about":[{"href":"https:\/\/imprimearabais.ca\/en\/wp-json\/wp\/v2\/types\/page"}],"author":[{"embeddable":true,"href":"https:\/\/imprimearabais.ca\/en\/wp-json\/wp\/v2\/users\/12"}],"replies":[{"embeddable":true,"href":"https:\/\/imprimearabais.ca\/en\/wp-json\/wp\/v2\/comments?post=4858"}],"version-history":[{"count":9,"href":"https:\/\/imprimearabais.ca\/en\/wp-json\/wp\/v2\/pages\/4858\/revisions"}],"predecessor-version":[{"id":4919,"href":"https:\/\/imprimearabais.ca\/en\/wp-json\/wp\/v2\/pages\/4858\/revisions\/4919"}],"wp:attachment":[{"href":"https:\/\/imprimearabais.ca\/en\/wp-json\/wp\/v2\/media?parent=4858"}],"curies":[{"name":"wp","href":"https:\/\/api.w.org\/{rel}","templated":true}]}}