{"id":6278,"date":"2025-04-29T13:30:52","date_gmt":"2025-04-29T17:30:52","guid":{"rendered":"https:\/\/imprimearabais.ca\/?page_id=6278"},"modified":"2025-04-29T14:59:44","modified_gmt":"2025-04-29T18:59:44","slug":"cartes-daffaire","status":"publish","type":"page","link":"https:\/\/imprimearabais.ca\/en\/cartes-daffaire\/","title":{"rendered":"Business cards"},"content":{"rendered":"<p>[et_pb_section fb_built=\u00a0\u00bb1&Prime; _builder_version=\u00a0\u00bb4.27.2&Prime; _module_preset=\u00a0\u00bbdefault\u00a0\u00bb da_disable_devices=\u00a0\u00bboff|off|off\u00a0\u00bb global_colors_info=\u00a0\u00bb{}\u00a0\u00bb da_is_popup=\u00a0\u00bboff\u00a0\u00bb da_exit_intent=\u00a0\u00bboff\u00a0\u00bb da_has_close=\u00a0\u00bbon\u00a0\u00bb da_alt_close=\u00a0\u00bboff\u00a0\u00bb da_dark_close=\u00a0\u00bboff\u00a0\u00bb da_not_modal=\u00a0\u00bbon\u00a0\u00bb da_is_singular=\u00a0\u00bboff\u00a0\u00bb da_with_loader=\u00a0\u00bboff\u00a0\u00bb da_has_shadow=\u00a0\u00bbon\u00a0\u00bb][et_pb_row column_structure=\u00a0\u00bb1_2,1_2&Prime; _builder_version=\u00a0\u00bb4.27.4&Prime; _module_preset=\u00a0\u00bbdefault\u00a0\u00bb hover_enabled=\u00a0\u00bb0&Prime; global_colors_info=\u00a0\u00bb{}\u00a0\u00bb max_width=\u00a0\u00bb1600px\u00a0\u00bb sticky_enabled=\u00a0\u00bb0&Prime;][et_pb_column type=\u00a0\u00bb1_2&Prime; _builder_version=\u00a0\u00bb4.27.2&Prime; _module_preset=\u00a0\u00bbdefault\u00a0\u00bb global_colors_info=\u00a0\u00bb{}\u00a0\u00bb][et_pb_image src=\u00a0\u00bbhttps:\/\/imprimearabais.ca\/wp-content\/uploads\/2023\/06\/carte-empire-nic-blouin-krezus.png\u00a0\u00bb _builder_version=\u00a0\u00bb4.27.4&Prime; _module_preset=\u00a0\u00bbdefault\u00a0\u00bb alt=\u00a0\u00bbImpression_carte_d&rsquo;affaire_finiUV\u00a0\u00bb title_text=\u00a0\u00bbcartes-affaires-empire-nic-blouin-krezus\u00a0\u00bb hover_enabled=\u00a0\u00bb0&Prime; sticky_enabled=\u00a0\u00bb0&Prime; max_width=\u00a0\u00bb70%\u00a0\u00bb module_alignment=\u00a0\u00bbcenter\u00a0\u00bb][\/et_pb_image][et_pb_image src=\u00a0\u00bbhttps:\/\/imprimearabais.ca\/wp-content\/uploads\/2023\/06\/Code-QR-Carte-daffaire.png\u00a0\u00bb _builder_version=\u00a0\u00bb4.27.4&Prime; _module_preset=\u00a0\u00bbdefault\u00a0\u00bb alt=\u00a0\u00bbImpression_carte_affaire_code_QR\u00a0\u00bb title_text=\u00a0\u00bbCode-QR-Carte-d-affaire\u00a0\u00bb hover_enabled=\u00a0\u00bb0&Prime; sticky_enabled=\u00a0\u00bb0&Prime; width=\u00a0\u00bb70%\u00a0\u00bb module_alignment=\u00a0\u00bbcenter\u00a0\u00bb][\/et_pb_image][et_pb_image src=\u00a0\u00bbhttps:\/\/imprimearabais.ca\/wp-content\/uploads\/2023\/06\/Cartre-proservicegd.png\u00a0\u00bb _builder_version=\u00a0\u00bb4.27.4&Prime; _module_preset=\u00a0\u00bbdefault\u00a0\u00bb alt=\u00a0\u00bbImpression_Carte_affaire_pro_service_GD\u00a0\u00bb title_text=\u00a0\u00bbCartre-proservicegd\u00a0\u00bb hover_enabled=\u00a0\u00bb0&Prime; sticky_enabled=\u00a0\u00bb0&Prime; width=\u00a0\u00bb70%\u00a0\u00bb module_alignment=\u00a0\u00bbcenter\u00a0\u00bb][\/et_pb_image][\/et_pb_column][et_pb_column type=\u00a0\u00bb1_2&Prime; _builder_version=\u00a0\u00bb4.27.2&Prime; _module_preset=\u00a0\u00bbdefault\u00a0\u00bb global_colors_info=\u00a0\u00bb{}\u00a0\u00bb][et_pb_text _builder_version=\u00a0\u00bb4.27.4&Prime; _module_preset=\u00a0\u00bbdefault\u00a0\u00bb text_font=\u00a0\u00bbMontserrat||||||||\u00a0\u00bb text_text_color=\u00a0\u00bb#000000&Prime; text_font_size=\u00a0\u00bb16px\u00a0\u00bb header_font=\u00a0\u00bbMontserrat|900||on|||||\u00a0\u00bb header_text_color=\u00a0\u00bb#a01c27&Prime; header_font_size=\u00a0\u00bb45px\u00a0\u00bb text_orientation=\u00a0\u00bbjustified\u00a0\u00bb hover_enabled=\u00a0\u00bb0&Prime; global_colors_info=\u00a0\u00bb{}\u00a0\u00bb sticky_enabled=\u00a0\u00bb0&Prime; text_line_height=\u00a0\u00bb1.9em\u00a0\u00bb]<\/p>\n<h1>Cartes d&rsquo;affaire<\/h1>\n<p data-start=\"167\" data-end=\"509\" class=\"\"><strong data-start=\"167\" data-end=\"230\">Impression de cartes d\u2019affaires haut de gamme et sur mesure<\/strong><br data-start=\"230\" data-end=\"233\" \/>Chez [Votre entreprise], nous sommes sp\u00e9cialis\u00e9s dans <strong data-start=\"287\" data-end=\"330\">l\u2019impression de cartes professionnelles<\/strong> d&rsquo;une qualit\u00e9 exceptionnelle, adapt\u00e9es \u00e0 tous vos besoins. Nous proposons une vaste gamme de <strong data-start=\"424\" data-end=\"460\">cartes d\u2019affaires personnalis\u00e9es<\/strong>, con\u00e7ues pour laisser une impression m\u00e9morable :<\/p>\n<ul data-start=\"511\" data-end=\"2681\">\n<li data-start=\"511\" data-end=\"596\" class=\"\">\n<p data-start=\"513\" data-end=\"596\" class=\"\"><strong data-start=\"513\" data-end=\"537\">Cartes 14pt standard<\/strong> : solides et \u00e9conomiques pour maximiser votre rentabilit\u00e9.<\/p>\n<\/li>\n<li data-start=\"597\" data-end=\"683\" class=\"\">\n<p data-start=\"599\" data-end=\"683\" class=\"\"><strong data-start=\"599\" data-end=\"623\">Cartes 14pt fini mat<\/strong> : un fini doux et \u00e9l\u00e9gant pour une allure moderne et sobre.<\/p>\n<\/li>\n<li data-start=\"684\" data-end=\"774\" class=\"\">\n<p data-start=\"686\" data-end=\"774\" class=\"\"><strong data-start=\"686\" data-end=\"705\">Cartes 16pt mat<\/strong> : plus \u00e9paisses, avec un fini mat raffin\u00e9 pour un effet sophistiqu\u00e9.<\/p>\n<\/li>\n<li data-start=\"775\" data-end=\"858\" class=\"\">\n<p data-start=\"777\" data-end=\"858\" class=\"\"><strong data-start=\"777\" data-end=\"800\">Cartes 14pt avec UV<\/strong> : un fini reluisant, \u00e9clatant et lustr\u00e9 qui attire l\u2019\u0153il.<\/p>\n<\/li>\n<li data-start=\"859\" data-end=\"956\" class=\"\">\n<p data-start=\"861\" data-end=\"956\" class=\"\"><strong data-start=\"861\" data-end=\"879\">Cartes 16pt UV<\/strong> : plus rigides, avec un vernis ultra-brillant pour un impact visuel maximal.<\/p>\n<\/li>\n<li data-start=\"957\" data-end=\"1043\" class=\"\">\n<p data-start=\"959\" data-end=\"1043\" class=\"\"><strong data-start=\"959\" data-end=\"987\">Cartes 18pt lamin\u00e9 glac\u00e9<\/strong> : ultra brillantes, r\u00e9sistantes \u00e0 l\u2019usure et au pliage.<\/p>\n<\/li>\n<li data-start=\"1044\" data-end=\"1145\" class=\"\">\n<p data-start=\"1046\" data-end=\"1145\" class=\"\"><strong data-start=\"1046\" data-end=\"1072\">Cartes 18pt lamin\u00e9 mat<\/strong> : un toucher soyeux et une durabilit\u00e9 accrue pour un look haut de gamme.<\/p>\n<\/li>\n<li data-start=\"1146\" data-end=\"1237\" class=\"\">\n<p data-start=\"1148\" data-end=\"1237\" class=\"\"><strong data-start=\"1148\" data-end=\"1166\">Cartes 14pt AQ<\/strong> : recouvertes d&rsquo;un enduit aqueux pour une finition l\u00e9g\u00e8re et \u00e9l\u00e9gante.<\/p>\n<\/li>\n<li data-start=\"1238\" data-end=\"1328\" class=\"\">\n<p data-start=\"1240\" data-end=\"1328\" class=\"\"><strong data-start=\"1240\" data-end=\"1258\">Cartes 16pt AQ<\/strong> : robustes et l\u00e9g\u00e8rement satin\u00e9es, parfaites pour un usage quotidien.<\/p>\n<\/li>\n<li data-start=\"1329\" data-end=\"1441\" class=\"\">\n<p data-start=\"1331\" data-end=\"1441\" class=\"\"><strong data-start=\"1331\" data-end=\"1362\">Cartes 18pt \u00e9crivable (C1S)<\/strong> : id\u00e9ales pour \u00e9crire facilement au dos, tout en offrant une excellente tenue.<\/p>\n<\/li>\n<li data-start=\"1442\" data-end=\"1556\" class=\"\">\n<p data-start=\"1444\" data-end=\"1556\" class=\"\"><strong data-start=\"1444\" data-end=\"1466\">Cartes 13pt Enviro<\/strong> : fabriqu\u00e9es en papier recycl\u00e9 \u00e9cologique, alliant conscience verte et professionnalisme.<\/p>\n<\/li>\n<li data-start=\"1557\" data-end=\"1665\" class=\"\">\n<p data-start=\"1559\" data-end=\"1665\" class=\"\"><strong data-start=\"1559\" data-end=\"1590\">Cartes 13pt lin sans vernis<\/strong> : une texture naturelle, parfaite pour un aspect artisanal et authentique.<\/p>\n<\/li>\n<li data-start=\"1666\" data-end=\"1770\" class=\"\">\n<p data-start=\"1668\" data-end=\"1770\" class=\"\"><strong data-start=\"1668\" data-end=\"1696\">Cartes 14pt AQ \u00e9crivable<\/strong> : allient la possibilit\u00e9 d\u2019\u00e9crire ais\u00e9ment avec un fini protecteur l\u00e9ger.<\/p>\n<\/li>\n<li data-start=\"1771\" data-end=\"1874\" class=\"\">\n<p data-start=\"1773\" data-end=\"1874\" class=\"\"><strong data-start=\"1773\" data-end=\"1801\">Cartes 14pt UV \u00e9crivable<\/strong> : r\u00e9sistantes, brillantes et pr\u00eates \u00e0 recevoir vos notes personnalis\u00e9es.<\/p>\n<\/li>\n<li data-start=\"1875\" data-end=\"2681\" class=\"\">\n<p data-start=\"1877\" data-end=\"1902\" class=\"\"><strong data-start=\"1877\" data-end=\"1900\">Cartes sp\u00e9cialis\u00e9es<\/strong> :<\/p>\n<ul data-start=\"1905\" data-end=\"2681\">\n<li data-start=\"1905\" data-end=\"1963\" class=\"\">\n<p data-start=\"1907\" data-end=\"1963\" class=\"\"><strong data-start=\"1907\" data-end=\"1925\">Film m\u00e9tallis\u00e9<\/strong> : pour un effet miroir spectaculaire.<\/p>\n<\/li>\n<li data-start=\"1966\" data-end=\"2030\" class=\"\">\n<p data-start=\"1968\" data-end=\"2030\" class=\"\"><strong data-start=\"1968\" data-end=\"1984\">Papier kraft<\/strong> : pour un look rustique, naturel et tendance.<\/p>\n<\/li>\n<li data-start=\"2033\" data-end=\"2111\" class=\"\">\n<p data-start=\"2035\" data-end=\"2111\" class=\"\"><strong data-start=\"2035\" data-end=\"2054\">Cartes durables<\/strong> : renforc\u00e9es pour r\u00e9sister aux manipulations fr\u00e9quentes.<\/p>\n<\/li>\n<li data-start=\"2114\" data-end=\"2227\" class=\"\">\n<p data-start=\"2116\" data-end=\"2227\" class=\"\"><strong data-start=\"2116\" data-end=\"2137\">Verni s\u00e9lectif UV<\/strong> : ajoute du relief et de la brillance \u00e0 certaines zones pour un impact visuel saisissant.<\/p>\n<\/li>\n<li data-start=\"2230\" data-end=\"2312\" class=\"\">\n<p data-start=\"2232\" data-end=\"2312\" class=\"\"><strong data-start=\"2232\" data-end=\"2248\">Papier perl\u00e9<\/strong> : subtil \u00e9clat nacr\u00e9 pour une touche d&rsquo;\u00e9l\u00e9gance suppl\u00e9mentaire.<\/p>\n<\/li>\n<li data-start=\"2315\" data-end=\"2387\" class=\"\">\n<p data-start=\"2317\" data-end=\"2387\" class=\"\"><strong data-start=\"2317\" data-end=\"2347\">D\u00e9coupe sp\u00e9ciale (Die Cut)<\/strong> : pour des formes cr\u00e9atives et uniques.<\/p>\n<\/li>\n<li data-start=\"2390\" data-end=\"2486\" class=\"\">\n<p data-start=\"2392\" data-end=\"2486\" class=\"\"><strong data-start=\"2392\" data-end=\"2403\">Velout\u00e9<\/strong> : au toucher ultra doux, aussi appel\u00e9 Soft Touch, pour une exp\u00e9rience sensorielle.<\/p>\n<\/li>\n<li data-start=\"2489\" data-end=\"2596\" class=\"\">\n<p data-start=\"2491\" data-end=\"2596\" class=\"\"><strong data-start=\"2491\" data-end=\"2519\">Cartes 32pt Painted Edge<\/strong> : ultra \u00e9paisses, avec des tranches color\u00e9es qui font ressortir votre style.<\/p>\n<\/li>\n<li data-start=\"2599\" data-end=\"2681\" class=\"\">\n<p data-start=\"2601\" data-end=\"2681\" class=\"\"><strong data-start=\"2601\" data-end=\"2616\">Ultra lisse<\/strong> : une finition impeccable pour un rendu hautement professionnel.<\/p>\n<\/li>\n<\/ul>\n<\/li>\n<\/ul>\n<p data-start=\"2683\" data-end=\"2995\" class=\"\">Nous offrons l\u2019<strong data-start=\"2698\" data-end=\"2741\">impression de cartes d\u2019affaires premium<\/strong>, qu\u2019elles soient brillantes, mates, recycl\u00e9es, textur\u00e9es ou lamin\u00e9es. Chaque projet est trait\u00e9 avec soin pour garantir un produit final remarquable, que ce soit pour <strong data-start=\"2908\" data-end=\"2945\">des cartes de visite corporatives<\/strong>, <strong data-start=\"2947\" data-end=\"2960\">cr\u00e9atives<\/strong>, <strong data-start=\"2962\" data-end=\"2977\">\u00e9cologiques<\/strong> ou <strong data-start=\"2981\" data-end=\"2994\">luxueuses<\/strong>.<\/p>\n<p data-start=\"2997\" data-end=\"3106\" class=\"\"><strong data-start=\"2997\" data-end=\"3063\">Commandez vos cartes d\u2019affaires personnalis\u00e9es d\u00e8s aujourd\u2019hui<\/strong> et d\u00e9marquez-vous d\u00e8s le premier contact !<\/p>\n<p>[\/et_pb_text][et_pb_button button_url=\u00a0\u00bbhttps:\/\/imprimearabais.ca\/contact\/\u00a0\u00bb button_text=\u00a0\u00bbObtenir une soumission\u00a0\u00bb _builder_version=\u00a0\u00bb4.27.4&Prime; _module_preset=\u00a0\u00bbdefault\u00a0\u00bb custom_button=\u00a0\u00bbon\u00a0\u00bb button_text_size=\u00a0\u00bb18px\u00a0\u00bb button_text_color=\u00a0\u00bb#FFFFFF\u00a0\u00bb button_bg_color=\u00a0\u00bb#a01c27&Prime; button_border_color=\u00a0\u00bbRGBA(255,255,255,0)\u00a0\u00bb button_font=\u00a0\u00bbMontserrat|600||on|||||\u00a0\u00bb hover_enabled=\u00a0\u00bb0&Prime; global_colors_info=\u00a0\u00bb{}\u00a0\u00bb sticky_enabled=\u00a0\u00bb0&Prime;][\/et_pb_button][\/et_pb_column][\/et_pb_row][\/et_pb_section]<\/p>\n","protected":false},"excerpt":{"rendered":"<p>Cartes d&rsquo;affaire Impression de cartes d\u2019affaires haut de gamme et sur mesureChez [Votre entreprise], nous sommes sp\u00e9cialis\u00e9s dans l\u2019impression de cartes professionnelles d&rsquo;une qualit\u00e9 exceptionnelle, adapt\u00e9es \u00e0 tous vos besoins. Nous proposons une vaste gamme de cartes d\u2019affaires personnalis\u00e9es, con\u00e7ues pour laisser une impression m\u00e9morable : Cartes 14pt standard : solides et \u00e9conomiques pour maximiser votre rentabilit\u00e9. Cartes 14pt fini mat : un fini doux et \u00e9l\u00e9gant pour une allure moderne et sobre. Cartes 16pt mat : plus \u00e9paisses, avec un fini mat raffin\u00e9 pour un effet sophistiqu\u00e9. Cartes 14pt avec UV : un fini reluisant, \u00e9clatant et lustr\u00e9 qui attire l\u2019\u0153il. Cartes 16pt UV : plus rigides, avec un vernis ultra-brillant pour un impact visuel maximal. Cartes 18pt lamin\u00e9 glac\u00e9 : ultra brillantes, r\u00e9sistantes \u00e0 l\u2019usure et au pliage. Cartes 18pt lamin\u00e9 mat : un toucher soyeux et une durabilit\u00e9 accrue pour un look haut de gamme. Cartes 14pt AQ : recouvertes d&rsquo;un enduit aqueux pour une finition l\u00e9g\u00e8re et \u00e9l\u00e9gante. Cartes 16pt AQ : robustes et l\u00e9g\u00e8rement satin\u00e9es, parfaites pour un usage quotidien. Cartes 18pt \u00e9crivable (C1S) : id\u00e9ales pour \u00e9crire facilement au dos, tout en offrant une excellente tenue. Cartes 13pt Enviro : fabriqu\u00e9es en papier recycl\u00e9 [&hellip;]<\/p>\n","protected":false},"author":12,"featured_media":0,"parent":0,"menu_order":0,"comment_status":"closed","ping_status":"closed","template":"","meta":{"_et_pb_use_builder":"on","_et_pb_old_content":"","_et_gb_content_width":"","footnotes":""},"class_list":["post-6278","page","type-page","status-publish","hentry"],"aioseo_notices":[],"_links":{"self":[{"href":"https:\/\/imprimearabais.ca\/en\/wp-json\/wp\/v2\/pages\/6278","targetHints":{"allow":["GET"]}}],"collection":[{"href":"https:\/\/imprimearabais.ca\/en\/wp-json\/wp\/v2\/pages"}],"about":[{"href":"https:\/\/imprimearabais.ca\/en\/wp-json\/wp\/v2\/types\/page"}],"author":[{"embeddable":true,"href":"https:\/\/imprimearabais.ca\/en\/wp-json\/wp\/v2\/users\/12"}],"replies":[{"embeddable":true,"href":"https:\/\/imprimearabais.ca\/en\/wp-json\/wp\/v2\/comments?post=6278"}],"version-history":[{"count":4,"href":"https:\/\/imprimearabais.ca\/en\/wp-json\/wp\/v2\/pages\/6278\/revisions"}],"predecessor-version":[{"id":6283,"href":"https:\/\/imprimearabais.ca\/en\/wp-json\/wp\/v2\/pages\/6278\/revisions\/6283"}],"wp:attachment":[{"href":"https:\/\/imprimearabais.ca\/en\/wp-json\/wp\/v2\/media?parent=6278"}],"curies":[{"name":"wp","href":"https:\/\/api.w.org\/{rel}","templated":true}]}}