{"id":6285,"date":"2025-04-29T15:12:17","date_gmt":"2025-04-29T19:12:17","guid":{"rendered":"https:\/\/imprimearabais.ca\/?page_id=6285"},"modified":"2025-04-29T15:12:17","modified_gmt":"2025-04-29T19:12:17","slug":"flyers","status":"publish","type":"page","link":"https:\/\/imprimearabais.ca\/en\/flyers\/","title":{"rendered":"Flyers"},"content":{"rendered":"<p>[et_pb_section fb_built=\u00a0\u00bb1&Prime; _builder_version=\u00a0\u00bb4.27.2&Prime; _module_preset=\u00a0\u00bbdefault\u00a0\u00bb da_disable_devices=\u00a0\u00bboff|off|off\u00a0\u00bb global_colors_info=\u00a0\u00bb{}\u00a0\u00bb da_is_popup=\u00a0\u00bboff\u00a0\u00bb da_exit_intent=\u00a0\u00bboff\u00a0\u00bb da_has_close=\u00a0\u00bbon\u00a0\u00bb da_alt_close=\u00a0\u00bboff\u00a0\u00bb da_dark_close=\u00a0\u00bboff\u00a0\u00bb da_not_modal=\u00a0\u00bbon\u00a0\u00bb da_is_singular=\u00a0\u00bboff\u00a0\u00bb da_with_loader=\u00a0\u00bboff\u00a0\u00bb da_has_shadow=\u00a0\u00bbon\u00a0\u00bb][et_pb_row column_structure=\u00a0\u00bb1_2,1_2&Prime; _builder_version=\u00a0\u00bb4.27.4&Prime; _module_preset=\u00a0\u00bbdefault\u00a0\u00bb max_width=\u00a0\u00bb1600px\u00a0\u00bb global_colors_info=\u00a0\u00bb{}\u00a0\u00bb][et_pb_column type=\u00a0\u00bb1_2&Prime; _builder_version=\u00a0\u00bb4.27.2&Prime; _module_preset=\u00a0\u00bbdefault\u00a0\u00bb global_colors_info=\u00a0\u00bb{}\u00a0\u00bb][et_pb_image src=\u00a0\u00bbhttps:\/\/imprimearabais.ca\/wp-content\/uploads\/2023\/06\/flyer-elevation-02.png\u00a0\u00bb alt=\u00a0\u00bbImpression_flyers_conception_design\u00a0\u00bb title_text=\u00a0\u00bbflyer-elevation-02&Prime; _builder_version=\u00a0\u00bb4.27.4&Prime; _module_preset=\u00a0\u00bbdefault\u00a0\u00bb max_width=\u00a0\u00bb70%\u00a0\u00bb module_alignment=\u00a0\u00bbcenter\u00a0\u00bb hover_enabled=\u00a0\u00bb0&Prime; global_colors_info=\u00a0\u00bb{}\u00a0\u00bb sticky_enabled=\u00a0\u00bb0&Prime;][\/et_pb_image][et_pb_image src=\u00a0\u00bbhttps:\/\/imprimearabais.ca\/wp-content\/uploads\/2023\/06\/Flyer-fruiterie2.png\u00a0\u00bb alt=\u00a0\u00bbImpression_flyer_concetpion_Graphique\u00a0\u00bb title_text=\u00a0\u00bbFlyer-fruiterie2&Prime; _builder_version=\u00a0\u00bb4.27.4&Prime; _module_preset=\u00a0\u00bbdefault\u00a0\u00bb width=\u00a0\u00bb70%\u00a0\u00bb module_alignment=\u00a0\u00bbcenter\u00a0\u00bb hover_enabled=\u00a0\u00bb0&Prime; global_colors_info=\u00a0\u00bb{}\u00a0\u00bb sticky_enabled=\u00a0\u00bb0&Prime;][\/et_pb_image][et_pb_image src=\u00a0\u00bbhttps:\/\/imprimearabais.ca\/wp-content\/uploads\/2023\/06\/Faire-part1.png\u00a0\u00bb alt=\u00a0\u00bbImpression_faire-part_mariage\u00a0\u00bb title_text=\u00a0\u00bbFaire-part1&Prime; _builder_version=\u00a0\u00bb4.27.4&Prime; _module_preset=\u00a0\u00bbdefault\u00a0\u00bb width=\u00a0\u00bb70%\u00a0\u00bb module_alignment=\u00a0\u00bbcenter\u00a0\u00bb hover_enabled=\u00a0\u00bb0&Prime; global_colors_info=\u00a0\u00bb{}\u00a0\u00bb sticky_enabled=\u00a0\u00bb0&Prime;][\/et_pb_image][\/et_pb_column][et_pb_column type=\u00a0\u00bb1_2&Prime; _builder_version=\u00a0\u00bb4.27.2&Prime; _module_preset=\u00a0\u00bbdefault\u00a0\u00bb global_colors_info=\u00a0\u00bb{}\u00a0\u00bb][et_pb_text _builder_version=\u00a0\u00bb4.27.4&Prime; _module_preset=\u00a0\u00bbdefault\u00a0\u00bb text_font=\u00a0\u00bbMontserrat||||||||\u00a0\u00bb text_text_color=\u00a0\u00bb#000000&Prime; text_font_size=\u00a0\u00bb16px\u00a0\u00bb text_line_height=\u00a0\u00bb1.9em\u00a0\u00bb header_font=\u00a0\u00bbMontserrat|900||on|||||\u00a0\u00bb header_text_color=\u00a0\u00bb#a01c27&Prime; header_font_size=\u00a0\u00bb45px\u00a0\u00bb text_orientation=\u00a0\u00bbjustified\u00a0\u00bb hover_enabled=\u00a0\u00bb0&Prime; global_colors_info=\u00a0\u00bb{}\u00a0\u00bb sticky_enabled=\u00a0\u00bb0&Prime;]<\/p>\n<h1>Flyers<\/h1>\n<p data-start=\"350\" data-end=\"724\" class=\"\"><strong data-start=\"350\" data-end=\"413\">Impression de flyers, d\u00e9pliants et prospectus haut de gamme<\/strong><br data-start=\"413\" data-end=\"416\" \/>Chez [Votre entreprise], nous sommes experts dans l\u2019<strong data-start=\"468\" data-end=\"506\">impression de flyers personnalis\u00e9s<\/strong>, de <strong data-start=\"511\" data-end=\"538\">d\u00e9pliants publicitaires<\/strong> et de <strong data-start=\"545\" data-end=\"586\">prospectus de qualit\u00e9 professionnelle<\/strong>. Nos <strong data-start=\"592\" data-end=\"619\" data-is-only-node=\"\">feuillets promotionnels<\/strong> sont parfaits pour propulser vos campagnes marketing, annoncer vos \u00e9v\u00e9nements ou pr\u00e9senter vos produits.<\/p>\n<p data-start=\"726\" data-end=\"801\" class=\"\">Nous offrons un vaste choix de supports pour s&rsquo;adapter \u00e0 tous vos besoins :<\/p>\n<ul data-start=\"437\" data-end=\"1923\">\n<li data-start=\"437\" data-end=\"547\" class=\"\">\n<p data-start=\"439\" data-end=\"547\" class=\"\"><strong data-start=\"439\" data-end=\"468\">Flyers 10pt avec fini mat<\/strong> : l\u00e9gers, flexibles et au toucher doux pour une pr\u00e9sentation sobre et moderne.<\/p>\n<\/li>\n<li data-start=\"548\" data-end=\"650\" class=\"\">\n<p data-start=\"550\" data-end=\"650\" class=\"\"><strong data-start=\"550\" data-end=\"574\">Flyers 14pt fini mat<\/strong> : robustes, \u00e9l\u00e9gants et sans reflet pour un rendu professionnel impeccable.<\/p>\n<\/li>\n<li data-start=\"651\" data-end=\"755\" class=\"\">\n<p data-start=\"653\" data-end=\"755\" class=\"\"><strong data-start=\"653\" data-end=\"672\">Flyers 16pt mat<\/strong> : plus \u00e9pais, parfaits pour une sensation de prestige et une meilleure durabilit\u00e9.<\/p>\n<\/li>\n<li data-start=\"756\" data-end=\"858\" class=\"\">\n<p data-start=\"758\" data-end=\"858\" class=\"\"><strong data-start=\"758\" data-end=\"776\">Flyers 14pt UV<\/strong> : finition glac\u00e9e, \u00e9clatante et brillante pour capter instantan\u00e9ment l\u2019attention.<\/p>\n<\/li>\n<li data-start=\"859\" data-end=\"961\" class=\"\">\n<p data-start=\"861\" data-end=\"961\" class=\"\"><strong data-start=\"861\" data-end=\"879\">Flyers 16pt UV<\/strong> : finition lustr\u00e9e sur un support plus rigide pour maximiser votre impact visuel.<\/p>\n<\/li>\n<li data-start=\"962\" data-end=\"1087\" class=\"\">\n<p data-start=\"964\" data-end=\"1087\" class=\"\"><strong data-start=\"964\" data-end=\"992\">Flyers 18pt lamin\u00e9 glac\u00e9<\/strong> : ultra brillants, r\u00e9sistants aux d\u00e9chirures et parfaits pour les pr\u00e9sentations haut de gamme.<\/p>\n<\/li>\n<li data-start=\"1088\" data-end=\"1184\" class=\"\">\n<p data-start=\"1090\" data-end=\"1184\" class=\"\"><strong data-start=\"1090\" data-end=\"1123\">Flyers 18pt lamin\u00e9 mat\/satin\u00e9<\/strong> : un fini velout\u00e9 et raffin\u00e9, combinant douceur et solidit\u00e9.<\/p>\n<\/li>\n<li data-start=\"1185\" data-end=\"1280\" class=\"\">\n<p data-start=\"1187\" data-end=\"1280\" class=\"\"><strong data-start=\"1187\" data-end=\"1205\">Flyers 10pt AQ<\/strong> : l\u00e9gers et prot\u00e9g\u00e9s par un enduit aqueux, alliant flexibilit\u00e9 et qualit\u00e9.<\/p>\n<\/li>\n<li data-start=\"1281\" data-end=\"1370\" class=\"\">\n<p data-start=\"1283\" data-end=\"1370\" class=\"\"><strong data-start=\"1283\" data-end=\"1301\">Flyers 14pt AQ<\/strong> : un l\u00e9ger lustre qui rehausse les couleurs tout en restant \u00e9l\u00e9gant.<\/p>\n<\/li>\n<li data-start=\"1371\" data-end=\"1469\" class=\"\">\n<p data-start=\"1373\" data-end=\"1469\" class=\"\"><strong data-start=\"1373\" data-end=\"1391\">Flyers 16pt AQ<\/strong> : robustes, avec une finition satin\u00e9e qui prot\u00e8ge sans nuire \u00e0 la lisibilit\u00e9.<\/p>\n<\/li>\n<li data-start=\"1470\" data-end=\"1588\" class=\"\">\n<p data-start=\"1472\" data-end=\"1588\" class=\"\"><strong data-start=\"1472\" data-end=\"1494\">Flyers 13pt Enviro<\/strong> : fabriqu\u00e9s \u00e0 partir de papier recycl\u00e9, parfaits pour une approche \u00e9cologique et responsable.<\/p>\n<\/li>\n<li data-start=\"1589\" data-end=\"1705\" class=\"\">\n<p data-start=\"1591\" data-end=\"1705\" class=\"\"><strong data-start=\"1591\" data-end=\"1622\">Flyers 13pt lin sans vernis<\/strong> : texture naturelle, aspect brut et authentique pour un effet artisanal recherch\u00e9.<\/p>\n<\/li>\n<li data-start=\"1706\" data-end=\"1826\" class=\"\">\n<p data-start=\"1708\" data-end=\"1826\" class=\"\"><strong data-start=\"1708\" data-end=\"1736\">Flyers 14pt AQ \u00e9crivable<\/strong> : offrent la possibilit\u00e9 d\u2019\u00e9crire facilement tout en conservant un l\u00e9ger fini protecteur.<\/p>\n<\/li>\n<li data-start=\"1827\" data-end=\"1923\" class=\"\">\n<p data-start=\"1829\" data-end=\"1923\" class=\"\"><strong data-start=\"1829\" data-end=\"1857\">Flyers 14pt UV \u00e9crivable<\/strong> : brillants, r\u00e9sistants et adapt\u00e9s pour l\u2019\u00e9criture personnalis\u00e9e.<\/p>\n<\/li>\n<\/ul>\n<p data-start=\"1925\" data-end=\"1949\" class=\"\"><strong data-start=\"1925\" data-end=\"1947\">Flyers sp\u00e9cialis\u00e9s<\/strong> :<\/p>\n<ul data-start=\"1950\" data-end=\"2385\">\n<li data-start=\"1950\" data-end=\"2016\" class=\"\">\n<p data-start=\"1952\" data-end=\"2016\" class=\"\"><strong data-start=\"1952\" data-end=\"1970\">Film m\u00e9tallis\u00e9<\/strong> : pour un effet lumineux, miroir et \u00e9clatant.<\/p>\n<\/li>\n<li data-start=\"2017\" data-end=\"2092\" class=\"\">\n<p data-start=\"2019\" data-end=\"2092\" class=\"\"><strong data-start=\"2019\" data-end=\"2035\">Papier kraft<\/strong> : apportant un look naturel, vintage et \u00e9co-responsable.<\/p>\n<\/li>\n<li data-start=\"2093\" data-end=\"2194\" class=\"\">\n<p data-start=\"2095\" data-end=\"2194\" class=\"\"><strong data-start=\"2095\" data-end=\"2114\">Flyers durables<\/strong> : con\u00e7us pour r\u00e9sister aux manipulations r\u00e9p\u00e9t\u00e9es et aux conditions exigeantes.<\/p>\n<\/li>\n<li data-start=\"2195\" data-end=\"2309\" class=\"\">\n<p data-start=\"2197\" data-end=\"2309\" class=\"\"><strong data-start=\"2197\" data-end=\"2214\">Verni Spot UV<\/strong> : finition brillante s\u00e9lective sur des zones sp\u00e9cifiques pour cr\u00e9er du relief et du contraste.<\/p>\n<\/li>\n<li data-start=\"2310\" data-end=\"2385\" class=\"\">\n<p data-start=\"2312\" data-end=\"2385\" class=\"\"><strong data-start=\"2312\" data-end=\"2328\">Papier perl\u00e9<\/strong> : un subtil \u00e9clat nacr\u00e9 pour un rendu unique et raffin\u00e9.<\/p>\n<\/li>\n<\/ul>\n<p data-start=\"2629\" data-end=\"2817\" class=\"\">Qu\u2019il s\u2019agisse de <strong data-start=\"2647\" data-end=\"2669\">flyers corporatifs<\/strong>, de <strong data-start=\"2674\" data-end=\"2702\">prospectus promotionnels<\/strong> ou de <strong data-start=\"2709\" data-end=\"2736\">d\u00e9pliants \u00e9v\u00e9nementiels<\/strong>, nous livrons des impressions hautement professionnelles adapt\u00e9es \u00e0 votre image.<\/p>\n<p data-start=\"2819\" data-end=\"2947\" class=\"\"><strong data-start=\"2819\" data-end=\"2873\">Commandez vos flyers personnalis\u00e9s d\u00e8s aujourd&rsquo;hui<\/strong> et donnez vie \u00e0 vos id\u00e9es avec des <strong data-start=\"2909\" data-end=\"2946\">impressions de qualit\u00e9 sup\u00e9rieure<\/strong>!<\/p>\n<p>[\/et_pb_text][et_pb_button button_url=\u00a0\u00bbhttps:\/\/imprimearabais.ca\/contact\/\u00a0\u00bb button_text=\u00a0\u00bbObtenir une soumission\u00a0\u00bb _builder_version=\u00a0\u00bb4.27.4&Prime; _module_preset=\u00a0\u00bbdefault\u00a0\u00bb custom_button=\u00a0\u00bbon\u00a0\u00bb button_text_size=\u00a0\u00bb18px\u00a0\u00bb button_text_color=\u00a0\u00bb#FFFFFF\u00a0\u00bb button_bg_color=\u00a0\u00bb#a01c27&Prime; button_border_color=\u00a0\u00bbRGBA(255,255,255,0)\u00a0\u00bb button_font=\u00a0\u00bbMontserrat|600||on|||||\u00a0\u00bb global_colors_info=\u00a0\u00bb{}\u00a0\u00bb][\/et_pb_button][\/et_pb_column][\/et_pb_row][\/et_pb_section]<\/p>\n","protected":false},"excerpt":{"rendered":"<p>Flyers Impression de flyers, d\u00e9pliants et prospectus haut de gammeChez [Votre entreprise], nous sommes experts dans l\u2019impression de flyers personnalis\u00e9s, de d\u00e9pliants publicitaires et de prospectus de qualit\u00e9 professionnelle. Nos feuillets promotionnels sont parfaits pour propulser vos campagnes marketing, annoncer vos \u00e9v\u00e9nements ou pr\u00e9senter vos produits. Nous offrons un vaste choix de supports pour s&rsquo;adapter \u00e0 tous vos besoins : Flyers 10pt avec fini mat : l\u00e9gers, flexibles et au toucher doux pour une pr\u00e9sentation sobre et moderne. Flyers 14pt fini mat : robustes, \u00e9l\u00e9gants et sans reflet pour un rendu professionnel impeccable. Flyers 16pt mat : plus \u00e9pais, parfaits pour une sensation de prestige et une meilleure durabilit\u00e9. Flyers 14pt UV : finition glac\u00e9e, \u00e9clatante et brillante pour capter instantan\u00e9ment l\u2019attention. Flyers 16pt UV : finition lustr\u00e9e sur un support plus rigide pour maximiser votre impact visuel. Flyers 18pt lamin\u00e9 glac\u00e9 : ultra brillants, r\u00e9sistants aux d\u00e9chirures et parfaits pour les pr\u00e9sentations haut de gamme. Flyers 18pt lamin\u00e9 mat\/satin\u00e9 : un fini velout\u00e9 et raffin\u00e9, combinant douceur et solidit\u00e9. Flyers 10pt AQ : l\u00e9gers et prot\u00e9g\u00e9s par un enduit aqueux, alliant flexibilit\u00e9 et qualit\u00e9. Flyers 14pt AQ : un l\u00e9ger lustre qui rehausse les couleurs tout en restant \u00e9l\u00e9gant. [&hellip;]<\/p>\n","protected":false},"author":12,"featured_media":0,"parent":0,"menu_order":0,"comment_status":"closed","ping_status":"closed","template":"","meta":{"_et_pb_use_builder":"on","_et_pb_old_content":"","_et_gb_content_width":"","footnotes":""},"class_list":["post-6285","page","type-page","status-publish","hentry"],"aioseo_notices":[],"_links":{"self":[{"href":"https:\/\/imprimearabais.ca\/en\/wp-json\/wp\/v2\/pages\/6285","targetHints":{"allow":["GET"]}}],"collection":[{"href":"https:\/\/imprimearabais.ca\/en\/wp-json\/wp\/v2\/pages"}],"about":[{"href":"https:\/\/imprimearabais.ca\/en\/wp-json\/wp\/v2\/types\/page"}],"author":[{"embeddable":true,"href":"https:\/\/imprimearabais.ca\/en\/wp-json\/wp\/v2\/users\/12"}],"replies":[{"embeddable":true,"href":"https:\/\/imprimearabais.ca\/en\/wp-json\/wp\/v2\/comments?post=6285"}],"version-history":[{"count":3,"href":"https:\/\/imprimearabais.ca\/en\/wp-json\/wp\/v2\/pages\/6285\/revisions"}],"predecessor-version":[{"id":6288,"href":"https:\/\/imprimearabais.ca\/en\/wp-json\/wp\/v2\/pages\/6285\/revisions\/6288"}],"wp:attachment":[{"href":"https:\/\/imprimearabais.ca\/en\/wp-json\/wp\/v2\/media?parent=6285"}],"curies":[{"name":"wp","href":"https:\/\/api.w.org\/{rel}","templated":true}]}}