{"id":7324,"date":"2025-10-03T14:37:10","date_gmt":"2025-10-03T18:37:10","guid":{"rendered":"https:\/\/imprimearabais.ca\/?page_id=7324"},"modified":"2025-10-27T11:55:25","modified_gmt":"2025-10-27T15:55:25","slug":"vetements","status":"publish","type":"page","link":"https:\/\/imprimearabais.ca\/en\/vetements\/","title":{"rendered":"Clothing"},"content":{"rendered":"<p>[et_pb_section fb_built=\u00a0\u00bb1&Prime; _builder_version=\u00a0\u00bb4.27.2&Prime; _module_preset=\u00a0\u00bbdefault\u00a0\u00bb background_color=\u00a0\u00bb#a01c27&Prime; da_disable_devices=\u00a0\u00bboff|off|off\u00a0\u00bb global_colors_info=\u00a0\u00bb{}\u00a0\u00bb da_is_popup=\u00a0\u00bboff\u00a0\u00bb da_exit_intent=\u00a0\u00bboff\u00a0\u00bb da_has_close=\u00a0\u00bbon\u00a0\u00bb da_alt_close=\u00a0\u00bboff\u00a0\u00bb da_dark_close=\u00a0\u00bboff\u00a0\u00bb da_not_modal=\u00a0\u00bbon\u00a0\u00bb da_is_singular=\u00a0\u00bboff\u00a0\u00bb da_with_loader=\u00a0\u00bboff\u00a0\u00bb da_has_shadow=\u00a0\u00bbon\u00a0\u00bb][et_pb_row column_structure=\u00a0\u00bb3_5,2_5&Prime; _builder_version=\u00a0\u00bb4.27.4&Prime; _module_preset=\u00a0\u00bbdefault\u00a0\u00bb width_tablet=\u00a0\u00bb\u00a0\u00bb width_phone=\u00a0\u00bb90%\u00a0\u00bb width_last_edited=\u00a0\u00bbon|phone\u00a0\u00bb max_width=\u00a0\u00bb1600px\u00a0\u00bb global_colors_info=\u00a0\u00bb{}\u00a0\u00bb][et_pb_column type=\u00a0\u00bb3_5&Prime; _builder_version=\u00a0\u00bb4.27.2&Prime; _module_preset=\u00a0\u00bbdefault\u00a0\u00bb global_colors_info=\u00a0\u00bb{}\u00a0\u00bb][et_pb_image src=\u00a0\u00bbhttps:\/\/imprimearabais.ca\/wp-content\/uploads\/2025\/10\/Catalogue-mockup-scaled.png\u00a0\u00bb alt=\u00a0\u00bbImpression_papier_individuel\u00a0\u00bb title_text=\u00a0\u00bbCatalogue mockup\u00a0\u00bb align=\u00a0\u00bbcenter\u00a0\u00bb _builder_version=\u00a0\u00bb4.27.4&Prime; _module_preset=\u00a0\u00bbdefault\u00a0\u00bb width_last_edited=\u00a0\u00bboff|desktop\u00a0\u00bb global_colors_info=\u00a0\u00bb{}\u00a0\u00bb width__hover_enabled=\u00a0\u00bboff|desktop\u00a0\u00bb][\/et_pb_image][\/et_pb_column][et_pb_column type=\u00a0\u00bb2_5&Prime; _builder_version=\u00a0\u00bb4.27.2&Prime; _module_preset=\u00a0\u00bbdefault\u00a0\u00bb global_colors_info=\u00a0\u00bb{}\u00a0\u00bb][et_pb_text _builder_version=\u00a0\u00bb4.27.4&Prime; _module_preset=\u00a0\u00bbdefault\u00a0\u00bb text_font=\u00a0\u00bbMontserrat||||||||\u00a0\u00bb text_text_color=\u00a0\u00bb#FFFFFF\u00a0\u00bb text_font_size=\u00a0\u00bb16px\u00a0\u00bb header_font=\u00a0\u00bbMontserrat|900||on|||||\u00a0\u00bb header_text_align=\u00a0\u00bbleft\u00a0\u00bb header_text_color=\u00a0\u00bb#FFFFFF\u00a0\u00bb header_font_size=\u00a0\u00bb50px\u00a0\u00bb header_line_height=\u00a0\u00bb1.2em\u00a0\u00bb header_3_text_align=\u00a0\u00bbleft\u00a0\u00bb header_3_text_color=\u00a0\u00bb#FFFFFF\u00a0\u00bb header_3_font_size=\u00a0\u00bb20px\u00a0\u00bb header_3_line_height=\u00a0\u00bb1.1em\u00a0\u00bb custom_margin=\u00a0\u00bb80px||||false|false\u00a0\u00bb custom_margin_tablet=\u00a0\u00bb0px||||false|false\u00a0\u00bb custom_margin_phone=\u00a0\u00bb0px||||false|false\u00a0\u00bb custom_margin_last_edited=\u00a0\u00bbon|tablet\u00a0\u00bb hover_enabled=\u00a0\u00bb0&Prime; header_text_align_tablet=\u00a0\u00bbleft\u00a0\u00bb header_text_align_phone=\u00a0\u00bbcenter\u00a0\u00bb header_text_align_last_edited=\u00a0\u00bbon|desktop\u00a0\u00bb header_font_size_tablet=\u00a0\u00bb50px\u00a0\u00bb header_font_size_phone=\u00a0\u00bb37px\u00a0\u00bb header_font_size_last_edited=\u00a0\u00bbon|phone\u00a0\u00bb header_3_text_align_tablet=\u00a0\u00bbleft\u00a0\u00bb header_3_text_align_phone=\u00a0\u00bbcenter\u00a0\u00bb header_3_text_align_last_edited=\u00a0\u00bbon|desktop\u00a0\u00bb text_orientation_tablet=\u00a0\u00bb\u00a0\u00bb text_orientation_phone=\u00a0\u00bbcenter\u00a0\u00bb text_orientation_last_edited=\u00a0\u00bbon|phone\u00a0\u00bb global_colors_info=\u00a0\u00bb{}\u00a0\u00bb sticky_enabled=\u00a0\u00bb0&Prime;]<\/p>\n<h1>Nos mod\u00e8les de v\u00eatements<\/h1>\n<p>Nous avons plus de 200 mod\u00e8les de v\u00eatements soigneusement s\u00e9l\u00e9ctionn\u00e9s pour satisfaire \u00e0 notre client\u00e8le.<\/p>\n<p>&nbsp;<\/p>\n<h3>Cliquez ici pour consulter notre <strong><span style=\"color: #ffffff;\"><a href=\"https:\/\/imprimearabais.ca\/wp-content\/uploads\/2025\/10\/CATALOGUE-INTERACTIF-septembre-2025.pdf\" target=\"_blank\" rel=\"noopener\" style=\"color: #ffffff;\">catalogue de v\u00eatements.<\/a><\/span><\/strong><\/h3>\n<p>[\/et_pb_text][et_pb_button button_url=\u00a0\u00bbhttps:\/\/imprimearabais.ca\/wp-content\/uploads\/2025\/10\/CATALOGUE-INTERACTIF-septembre-2025.pdf\u00a0\u00bb url_new_window=\u00a0\u00bbon\u00a0\u00bb button_text=\u00a0\u00bbCatalogue\u00a0\u00bb _builder_version=\u00a0\u00bb4.27.4&Prime; _module_preset=\u00a0\u00bbdefault\u00a0\u00bb custom_button=\u00a0\u00bbon\u00a0\u00bb button_text_size=\u00a0\u00bb18px\u00a0\u00bb button_text_color=\u00a0\u00bb#FFFFFF\u00a0\u00bb button_bg_color=\u00a0\u00bb#000000&Prime; button_border_color=\u00a0\u00bbRGBA(255,255,255,0)\u00a0\u00bb button_font=\u00a0\u00bbMontserrat|600||on|||||\u00a0\u00bb hover_enabled=\u00a0\u00bb0&Prime; global_colors_info=\u00a0\u00bb{}\u00a0\u00bb button_alignment_last_edited=\u00a0\u00bbon|tablet\u00a0\u00bb button_alignment_phone=\u00a0\u00bbcenter\u00a0\u00bb sticky_enabled=\u00a0\u00bb0&Prime;][\/et_pb_button][\/et_pb_column][\/et_pb_row][\/et_pb_section][et_pb_section fb_built=\u00a0\u00bb1&Prime; _builder_version=\u00a0\u00bb4.27.2&Prime; _module_preset=\u00a0\u00bbdefault\u00a0\u00bb da_disable_devices=\u00a0\u00bboff|off|off\u00a0\u00bb global_colors_info=\u00a0\u00bb{}\u00a0\u00bb da_is_popup=\u00a0\u00bboff\u00a0\u00bb da_exit_intent=\u00a0\u00bboff\u00a0\u00bb da_has_close=\u00a0\u00bbon\u00a0\u00bb da_alt_close=\u00a0\u00bboff\u00a0\u00bb da_dark_close=\u00a0\u00bboff\u00a0\u00bb da_not_modal=\u00a0\u00bbon\u00a0\u00bb da_is_singular=\u00a0\u00bboff\u00a0\u00bb da_with_loader=\u00a0\u00bboff\u00a0\u00bb da_has_shadow=\u00a0\u00bbon\u00a0\u00bb][et_pb_row column_structure=\u00a0\u00bb1_2,1_4,1_4&Prime; _builder_version=\u00a0\u00bb4.27.4&Prime; _module_preset=\u00a0\u00bbdefault\u00a0\u00bb max_width=\u00a0\u00bb1600px\u00a0\u00bb global_colors_info=\u00a0\u00bb{}\u00a0\u00bb][et_pb_column type=\u00a0\u00bb1_2&Prime; _builder_version=\u00a0\u00bb4.27.2&Prime; _module_preset=\u00a0\u00bbdefault\u00a0\u00bb global_colors_info=\u00a0\u00bb{}\u00a0\u00bb][et_pb_text _builder_version=\u00a0\u00bb4.27.4&Prime; _module_preset=\u00a0\u00bbdefault\u00a0\u00bb text_font=\u00a0\u00bbMontserrat||||||||\u00a0\u00bb text_text_color=\u00a0\u00bb#000000&Prime; text_font_size=\u00a0\u00bb16px\u00a0\u00bb header_font=\u00a0\u00bbMontserrat|900||on|||||\u00a0\u00bb header_text_color=\u00a0\u00bb#a01c27&Prime; header_font_size=\u00a0\u00bb47px\u00a0\u00bb header_3_font=\u00a0\u00bbMontserrat|700|||||||\u00a0\u00bb header_3_text_color=\u00a0\u00bb#000000&Prime; text_orientation=\u00a0\u00bbjustified\u00a0\u00bb custom_margin=\u00a0\u00bb70px||||false|false\u00a0\u00bb custom_margin_tablet=\u00a0\u00bb70px||||false|false\u00a0\u00bb custom_margin_phone=\u00a0\u00bb0px||||false|false\u00a0\u00bb custom_margin_last_edited=\u00a0\u00bbon|phone\u00a0\u00bb header_font_size_tablet=\u00a0\u00bb47px\u00a0\u00bb header_font_size_phone=\u00a0\u00bb37px\u00a0\u00bb header_font_size_last_edited=\u00a0\u00bbon|phone\u00a0\u00bb global_colors_info=\u00a0\u00bb{}\u00a0\u00bb]<\/p>\n<h1 style=\"text-align: left;\">D\u00e9coration de v\u00eatements<\/h1>\n<h3 data-start=\"231\" data-end=\"260\"><\/h3>\n<h3 data-start=\"231\" data-end=\"260\">1. DTF (Direct To Film)<\/h3>\n<p data-start=\"261\" data-end=\"514\">Le DTF est une technique d\u2019impression moderne qui permet de transf\u00e9rer des visuels d\u00e9taill\u00e9s et color\u00e9s sur une grande vari\u00e9t\u00e9 de textiles. Flexible et durable, c\u2019est la solution id\u00e9ale pour des designs complexes, multicolores et r\u00e9sistants au lavage.<\/p>\n<h3 data-start=\"521\" data-end=\"538\">2. Broderie<\/h3>\n<p data-start=\"539\" data-end=\"793\">La broderie est synonyme de prestige et de durabilit\u00e9. Gr\u00e2ce \u00e0 ses fils de haute qualit\u00e9, elle apporte une finition \u00e9l\u00e9gante et professionnelle \u00e0 vos v\u00eatements. Id\u00e9ale pour les logos et les v\u00eatements corporatifs, elle offre une r\u00e9sistance incomparable.<\/p>\n<h3 data-start=\"800\" data-end=\"820\">3. S\u00e9rigraphie<\/h3>\n<p data-start=\"821\" data-end=\"1050\">M\u00e9thode classique et \u00e9prouv\u00e9e, la s\u00e9rigraphie permet d\u2019imprimer des couleurs vives et opaques avec une grande long\u00e9vit\u00e9. Parfaite pour les grandes quantit\u00e9s, elle garantit un rendu net et uniforme, m\u00eame sur des textiles fonc\u00e9s.<\/p>\n<h3 data-start=\"1057\" data-end=\"1089\">4. DTG (Direct To Garment)<\/h3>\n<p data-start=\"1090\" data-end=\"1306\">Le DTG offre une impression directement sur le tissu, id\u00e9ale pour des visuels en quadrichromie riches en d\u00e9tails. Rapide et pr\u00e9cis, ce proc\u00e9d\u00e9 est recommand\u00e9 pour les petites quantit\u00e9s et les designs personnalis\u00e9s.<\/p>\n<h3 data-start=\"1313\" data-end=\"1333\">5. Sublimation<\/h3>\n<p data-start=\"1334\" data-end=\"1536\">La sublimation est parfaite pour les textiles clairs en polyester. Elle fusionne l\u2019encre directement avec la fibre du tissu, cr\u00e9ant un visuel l\u00e9ger, \u00e9clatant et durable, qui ne s\u2019alt\u00e8re pas au lavage.<\/p>\n<p>[\/et_pb_text][et_pb_button button_url=\u00a0\u00bbhttps:\/\/imprimearabais.ca\/contact\/\u00a0\u00bb button_text=\u00a0\u00bbContactez-nous\u00a0\u00bb _builder_version=\u00a0\u00bb4.27.4&Prime; _module_preset=\u00a0\u00bbdefault\u00a0\u00bb custom_button=\u00a0\u00bbon\u00a0\u00bb button_text_size=\u00a0\u00bb18px\u00a0\u00bb button_text_color=\u00a0\u00bb#FFFFFF\u00a0\u00bb button_bg_color=\u00a0\u00bb#a01c27&Prime; button_border_color=\u00a0\u00bbRGBA(255,255,255,0)\u00a0\u00bb button_font=\u00a0\u00bbMontserrat|600||on|||||\u00a0\u00bb global_colors_info=\u00a0\u00bb{}\u00a0\u00bb][\/et_pb_button][\/et_pb_column][et_pb_column type=\u00a0\u00bb1_4&Prime; _builder_version=\u00a0\u00bb4.27.2&Prime; _module_preset=\u00a0\u00bbdefault\u00a0\u00bb global_colors_info=\u00a0\u00bb{}\u00a0\u00bb][et_pb_image src=\u00a0\u00bbhttps:\/\/imprimearabais.ca\/wp-content\/uploads\/2025\/10\/Decorations-dtf.png\u00a0\u00bb alt=\u00a0\u00bbImpression_papier_individuel\u00a0\u00bb title_text=\u00a0\u00bbDecorations dtf\u00a0\u00bb align=\u00a0\u00bbcenter\u00a0\u00bb _builder_version=\u00a0\u00bb4.27.4&Prime; _module_preset=\u00a0\u00bbdefault\u00a0\u00bb width=\u00a0\u00bb100%\u00a0\u00bb width_last_edited=\u00a0\u00bboff|desktop\u00a0\u00bb module_alignment=\u00a0\u00bbleft\u00a0\u00bb global_colors_info=\u00a0\u00bb{}\u00a0\u00bb width__hover_enabled=\u00a0\u00bboff|desktop\u00a0\u00bb][\/et_pb_image][et_pb_image src=\u00a0\u00bbhttps:\/\/imprimearabais.ca\/wp-content\/uploads\/2025\/10\/Decorations-dtg.png\u00a0\u00bb alt=\u00a0\u00bbImpression_papier_individuel\u00a0\u00bb title_text=\u00a0\u00bbDecorations dtg\u00a0\u00bb align=\u00a0\u00bbcenter\u00a0\u00bb _builder_version=\u00a0\u00bb4.27.4&Prime; _module_preset=\u00a0\u00bbdefault\u00a0\u00bb width=\u00a0\u00bb100%\u00a0\u00bb width_last_edited=\u00a0\u00bboff|desktop\u00a0\u00bb module_alignment=\u00a0\u00bbleft\u00a0\u00bb global_colors_info=\u00a0\u00bb{}\u00a0\u00bb width__hover_enabled=\u00a0\u00bboff|desktop\u00a0\u00bb][\/et_pb_image][\/et_pb_column][et_pb_column type=\u00a0\u00bb1_4&Prime; _builder_version=\u00a0\u00bb4.27.2&Prime; _module_preset=\u00a0\u00bbdefault\u00a0\u00bb global_colors_info=\u00a0\u00bb{}\u00a0\u00bb][et_pb_image src=\u00a0\u00bbhttps:\/\/imprimearabais.ca\/wp-content\/uploads\/2025\/10\/Decorations-broderie.png\u00a0\u00bb alt=\u00a0\u00bbImpression_papier_individuel\u00a0\u00bb title_text=\u00a0\u00bbDecorations broderie\u00a0\u00bb align=\u00a0\u00bbcenter\u00a0\u00bb _builder_version=\u00a0\u00bb4.27.4&Prime; _module_preset=\u00a0\u00bbdefault\u00a0\u00bb width=\u00a0\u00bb100%\u00a0\u00bb width_last_edited=\u00a0\u00bboff|desktop\u00a0\u00bb module_alignment=\u00a0\u00bbleft\u00a0\u00bb global_colors_info=\u00a0\u00bb{}\u00a0\u00bb width__hover_enabled=\u00a0\u00bboff|desktop\u00a0\u00bb][\/et_pb_image][et_pb_image src=\u00a0\u00bbhttps:\/\/imprimearabais.ca\/wp-content\/uploads\/2025\/10\/Decorations-serigraphie.png\u00a0\u00bb alt=\u00a0\u00bbImpression_papier_individuel\u00a0\u00bb title_text=\u00a0\u00bbDecorations serigraphie\u00a0\u00bb align=\u00a0\u00bbcenter\u00a0\u00bb _builder_version=\u00a0\u00bb4.27.4&Prime; _module_preset=\u00a0\u00bbdefault\u00a0\u00bb width=\u00a0\u00bb100%\u00a0\u00bb width_last_edited=\u00a0\u00bboff|desktop\u00a0\u00bb module_alignment=\u00a0\u00bbleft\u00a0\u00bb global_colors_info=\u00a0\u00bb{}\u00a0\u00bb width__hover_enabled=\u00a0\u00bboff|desktop\u00a0\u00bb][\/et_pb_image][\/et_pb_column][\/et_pb_row][\/et_pb_section][et_pb_section fb_built=\u00a0\u00bb1&Prime; _builder_version=\u00a0\u00bb4.27.4&Prime; _module_preset=\u00a0\u00bbdefault\u00a0\u00bb use_background_color_gradient=\u00a0\u00bbon\u00a0\u00bb background_color_gradient_stops=\u00a0\u00bbrgba(255,255,255,0.7) 0%|rgba(255,255,255,0.7) 99%\u00a0\u00bb background_color_gradient_overlays_image=\u00a0\u00bbon\u00a0\u00bb background_image=\u00a0\u00bbhttps:\/\/imprimearabais.ca\/wp-content\/uploads\/2025\/10\/Images-vetements-scaled.jpeg\u00a0\u00bb da_disable_devices=\u00a0\u00bboff|off|off\u00a0\u00bb global_colors_info=\u00a0\u00bb{}\u00a0\u00bb da_is_popup=\u00a0\u00bboff\u00a0\u00bb da_exit_intent=\u00a0\u00bboff\u00a0\u00bb da_has_close=\u00a0\u00bbon\u00a0\u00bb da_alt_close=\u00a0\u00bboff\u00a0\u00bb da_dark_close=\u00a0\u00bboff\u00a0\u00bb da_not_modal=\u00a0\u00bbon\u00a0\u00bb da_is_singular=\u00a0\u00bboff\u00a0\u00bb da_with_loader=\u00a0\u00bboff\u00a0\u00bb da_has_shadow=\u00a0\u00bbon\u00a0\u00bb][et_pb_row _builder_version=\u00a0\u00bb4.27.4&Prime; _module_preset=\u00a0\u00bbdefault\u00a0\u00bb max_width=\u00a0\u00bb1600px\u00a0\u00bb global_colors_info=\u00a0\u00bb{}\u00a0\u00bb][et_pb_column type=\u00a0\u00bb4_4&Prime; _builder_version=\u00a0\u00bb4.27.4&Prime; _module_preset=\u00a0\u00bbdefault\u00a0\u00bb global_colors_info=\u00a0\u00bb{}\u00a0\u00bb][et_pb_text _builder_version=\u00a0\u00bb4.27.4&Prime; _module_preset=\u00a0\u00bbdefault\u00a0\u00bb header_2_font=\u00a0\u00bbMontserrat|900||on|||||\u00a0\u00bb header_2_text_align=\u00a0\u00bbcenter\u00a0\u00bb header_2_text_color=\u00a0\u00bb#000000&Prime; header_2_font_size=\u00a0\u00bb40px\u00a0\u00bb hover_enabled=\u00a0\u00bb0&Prime; global_colors_info=\u00a0\u00bb{}\u00a0\u00bb header_2_font_size_last_edited=\u00a0\u00bbon|desktop\u00a0\u00bb header_2_font_size_phone=\u00a0\u00bb21px\u00a0\u00bb header_2_line_height=\u00a0\u00bb1.2em\u00a0\u00bb sticky_enabled=\u00a0\u00bb0&Prime; header_2_font_size_tablet=\u00a0\u00bb40px\u00a0\u00bb]<\/p>\n<h2>Quelques <span style=\"color: #a01c27;\">r\u00e9alisations<\/span> effectu\u00e9s pour nos clients<\/h2>\n<p>[\/et_pb_text][et_pb_image src=\u00a0\u00bbhttps:\/\/imprimearabais.ca\/wp-content\/uploads\/2025\/10\/Vetements.png\u00a0\u00bb title_text=\u00a0\u00bbVetements\u00a0\u00bb align=\u00a0\u00bbcenter\u00a0\u00bb _builder_version=\u00a0\u00bb4.27.4&Prime; _module_preset=\u00a0\u00bbdefault\u00a0\u00bb global_colors_info=\u00a0\u00bb{}\u00a0\u00bb][\/et_pb_image][\/et_pb_column][\/et_pb_row][\/et_pb_section][et_pb_section fb_built=\u00a0\u00bb1&Prime; _builder_version=\u00a0\u00bb4.27.4&Prime; _module_preset=\u00a0\u00bbdefault\u00a0\u00bb da_disable_devices=\u00a0\u00bboff|off|off\u00a0\u00bb global_colors_info=\u00a0\u00bb{}\u00a0\u00bb da_is_popup=\u00a0\u00bboff\u00a0\u00bb da_exit_intent=\u00a0\u00bboff\u00a0\u00bb da_has_close=\u00a0\u00bbon\u00a0\u00bb da_alt_close=\u00a0\u00bboff\u00a0\u00bb da_dark_close=\u00a0\u00bboff\u00a0\u00bb da_not_modal=\u00a0\u00bbon\u00a0\u00bb da_is_singular=\u00a0\u00bboff\u00a0\u00bb da_with_loader=\u00a0\u00bboff\u00a0\u00bb da_has_shadow=\u00a0\u00bbon\u00a0\u00bb][et_pb_row _builder_version=\u00a0\u00bb4.27.4&Prime; _module_preset=\u00a0\u00bbdefault\u00a0\u00bb hover_enabled=\u00a0\u00bb0&Prime; global_colors_info=\u00a0\u00bb{}\u00a0\u00bb width=\u00a0\u00bb100%\u00a0\u00bb max_width=\u00a0\u00bb1600px\u00a0\u00bb sticky_enabled=\u00a0\u00bb0&Prime;][et_pb_column type=\u00a0\u00bb4_4&Prime; _builder_version=\u00a0\u00bb4.27.4&Prime; _module_preset=\u00a0\u00bbdefault\u00a0\u00bb global_colors_info=\u00a0\u00bb{}\u00a0\u00bb][et_pb_code _builder_version=\u00a0\u00bb4.27.4&Prime; _module_preset=\u00a0\u00bbdefault\u00a0\u00bb global_colors_info=\u00a0\u00bb{}\u00a0\u00bb]<div id=\"metaslider-id-7466\" style=\"width: 100%; margin: 0 auto;\" class=\"ml-slider-3-108-0 metaslider metaslider-flex metaslider-7466 ml-slider has-carousel-mode ms-theme-default-base nav-hidden\" role=\"region\" aria-label=\"Clients Vetements\" data-height=\"200\" data-width=\"300\">\n    <div id=\"metaslider_container_7466\">\n        <div id=\"metaslider_7466\">\n            <ul class='slides'>\n                <li style=\"display: none; width: 100%;\" class=\"slide-7467 ms-image \" aria-roledescription=\"slide\" data-date=\"2025-10-24 12:59:16\" data-filename=\"Logo_costco.png\" data-slide-type=\"image\"><img loading=\"lazy\" decoding=\"async\" width=\"1771\" height=\"1771\" src=\"https:\/\/imprimearabais.ca\/wp-content\/uploads\/2025\/02\/Logo_costco.png\" class=\"slider-7466 slide-7467 msDefaultImage\" alt=\"\" rel=\"\" title=\"Logo_costco\" style=\"margin: 0 auto; width: 66.666666666667%\" srcset=\"https:\/\/imprimearabais.ca\/wp-content\/uploads\/2025\/02\/Logo_costco.png 1771w, https:\/\/imprimearabais.ca\/wp-content\/uploads\/2025\/02\/Logo_costco-1280x1280.png 1280w, https:\/\/imprimearabais.ca\/wp-content\/uploads\/2025\/02\/Logo_costco-980x980.png 980w, https:\/\/imprimearabais.ca\/wp-content\/uploads\/2025\/02\/Logo_costco-480x480.png 480w\" sizes=\"(min-width: 0px) and (max-width: 480px) 480px, (min-width: 481px) and (max-width: 980px) 980px, (min-width: 981px) and (max-width: 1280px) 1280px, (min-width: 1281px) 1771px, 100vw\" \/><\/li>\n                <li style=\"display: none; width: 100%;\" class=\"slide-7468 ms-image \" aria-roledescription=\"slide\" data-date=\"2025-10-24 12:59:16\" data-filename=\"Logo_-01.png\" data-slide-type=\"image\"><img loading=\"lazy\" decoding=\"async\" width=\"1771\" height=\"1771\" src=\"https:\/\/imprimearabais.ca\/wp-content\/uploads\/2025\/02\/Logo_-01.png\" class=\"slider-7466 slide-7468 msDefaultImage\" alt=\"\" rel=\"\" title=\"Logo_-01\" style=\"margin: 0 auto; width: 66.666666666667%\" srcset=\"https:\/\/imprimearabais.ca\/wp-content\/uploads\/2025\/02\/Logo_-01.png 1771w, https:\/\/imprimearabais.ca\/wp-content\/uploads\/2025\/02\/Logo_-01-1280x1280.png 1280w, https:\/\/imprimearabais.ca\/wp-content\/uploads\/2025\/02\/Logo_-01-980x980.png 980w, https:\/\/imprimearabais.ca\/wp-content\/uploads\/2025\/02\/Logo_-01-480x480.png 480w\" sizes=\"(min-width: 0px) and (max-width: 480px) 480px, (min-width: 481px) and (max-width: 980px) 980px, (min-width: 981px) and (max-width: 1280px) 1280px, (min-width: 1281px) 1771px, 100vw\" \/><\/li>\n                <li style=\"display: none; width: 100%;\" class=\"slide-7469 ms-image \" aria-roledescription=\"slide\" data-date=\"2025-10-24 12:59:16\" data-filename=\"LOGO-petit-manoir-05.png\" data-slide-type=\"image\"><img loading=\"lazy\" decoding=\"async\" width=\"1771\" height=\"1771\" src=\"https:\/\/imprimearabais.ca\/wp-content\/uploads\/2025\/02\/LOGO-petit-manoir-05.png\" class=\"slider-7466 slide-7469 msDefaultImage\" alt=\"\" rel=\"\" title=\"LOGO petit manoir-05\" style=\"margin: 0 auto; width: 66.666666666667%\" srcset=\"https:\/\/imprimearabais.ca\/wp-content\/uploads\/2025\/02\/LOGO-petit-manoir-05.png 1771w, https:\/\/imprimearabais.ca\/wp-content\/uploads\/2025\/02\/LOGO-petit-manoir-05-1280x1280.png 1280w, https:\/\/imprimearabais.ca\/wp-content\/uploads\/2025\/02\/LOGO-petit-manoir-05-980x980.png 980w, https:\/\/imprimearabais.ca\/wp-content\/uploads\/2025\/02\/LOGO-petit-manoir-05-480x480.png 480w\" sizes=\"(min-width: 0px) and (max-width: 480px) 480px, (min-width: 481px) and (max-width: 980px) 980px, (min-width: 981px) and (max-width: 1280px) 1280px, (min-width: 1281px) 1771px, 100vw\" \/><\/li>\n                <li style=\"display: none; width: 100%;\" class=\"slide-7474 ms-image \" aria-roledescription=\"slide\" data-date=\"2025-10-24 13:00:29\" data-filename=\"TALA_logo_Skeltec_USP_Noir_RGB.png\" data-slide-type=\"image\"><img loading=\"lazy\" decoding=\"async\" width=\"864\" height=\"295\" src=\"https:\/\/imprimearabais.ca\/wp-content\/uploads\/2025\/10\/TALA_logo_Skeltec_USP_Noir_RGB.png\" class=\"slider-7466 slide-7474 msDefaultImage\" alt=\"\" rel=\"\" title=\"TALA_logo_Skeltec_USP_Noir_RGB\" style=\"margin-top: 16.261574074074%\" srcset=\"https:\/\/imprimearabais.ca\/wp-content\/uploads\/2025\/10\/TALA_logo_Skeltec_USP_Noir_RGB.png 864w, https:\/\/imprimearabais.ca\/wp-content\/uploads\/2025\/10\/TALA_logo_Skeltec_USP_Noir_RGB-480x164.png 480w\" sizes=\"(min-width: 0px) and (max-width: 480px) 480px, (min-width: 481px) 864px, 100vw\" \/><\/li>\n                <li style=\"display: none; width: 100%;\" class=\"slide-7470 ms-image \" aria-roledescription=\"slide\" data-date=\"2025-10-24 12:59:16\" data-filename=\"LOGO-deroulant-site-web_Plan-de-travail-1.png\" data-slide-type=\"image\"><img loading=\"lazy\" decoding=\"async\" width=\"825\" height=\"825\" src=\"https:\/\/imprimearabais.ca\/wp-content\/uploads\/2023\/06\/LOGO-deroulant-site-web_Plan-de-travail-1.png\" class=\"slider-7466 slide-7470 msDefaultImage\" alt=\"Logo_assembl\u00e9e_nationale_qu\u00e9bec\" rel=\"\" title=\"LOGO_Plan-de-travail-1\" style=\"margin: 0 auto; width: 66.666666666667%\" srcset=\"https:\/\/imprimearabais.ca\/wp-content\/uploads\/2023\/06\/LOGO-deroulant-site-web_Plan-de-travail-1.png 825w, https:\/\/imprimearabais.ca\/wp-content\/uploads\/2023\/06\/LOGO-deroulant-site-web_Plan-de-travail-1-480x480.png 480w\" sizes=\"(min-width: 0px) and (max-width: 480px) 480px, (min-width: 481px) 825px, 100vw\" \/><\/li>\n                <li style=\"display: none; width: 100%;\" class=\"slide-7471 ms-image \" aria-roledescription=\"slide\" data-date=\"2025-10-24 12:59:16\" data-filename=\"LOGO-deroulant-site-web-14.png\" data-slide-type=\"image\"><img loading=\"lazy\" decoding=\"async\" width=\"825\" height=\"825\" src=\"https:\/\/imprimearabais.ca\/wp-content\/uploads\/2023\/06\/LOGO-deroulant-site-web-14.png\" class=\"slider-7466 slide-7471 msDefaultImage\" alt=\"Logo_desjardins\" rel=\"\" title=\"LOGO-d\u00e9roulant-site-web-14\" style=\"margin: 0 auto; width: 66.666666666667%\" srcset=\"https:\/\/imprimearabais.ca\/wp-content\/uploads\/2023\/06\/LOGO-deroulant-site-web-14.png 825w, https:\/\/imprimearabais.ca\/wp-content\/uploads\/2023\/06\/LOGO-deroulant-site-web-14-480x480.png 480w\" sizes=\"(min-width: 0px) and (max-width: 480px) 480px, (min-width: 481px) 825px, 100vw\" \/><\/li>\n                <li style=\"display: none; width: 100%;\" class=\"slide-7472 ms-image \" aria-roledescription=\"slide\" data-date=\"2025-10-24 12:59:16\" data-filename=\"LOGO-deroulant-site-web-16.png\" data-slide-type=\"image\"><img loading=\"lazy\" decoding=\"async\" width=\"825\" height=\"825\" src=\"https:\/\/imprimearabais.ca\/wp-content\/uploads\/2023\/06\/LOGO-deroulant-site-web-16.png\" class=\"slider-7466 slide-7472 msDefaultImage\" alt=\"Logo_via_capitale\" rel=\"\" title=\"LOGO-d\u00e9roulant-site-web-16\" style=\"margin: 0 auto; width: 66.666666666667%\" srcset=\"https:\/\/imprimearabais.ca\/wp-content\/uploads\/2023\/06\/LOGO-deroulant-site-web-16.png 825w, https:\/\/imprimearabais.ca\/wp-content\/uploads\/2023\/06\/LOGO-deroulant-site-web-16-480x480.png 480w\" sizes=\"(min-width: 0px) and (max-width: 480px) 480px, (min-width: 481px) 825px, 100vw\" \/><\/li>\n            <\/ul>\n        <\/div>\n        \n    <\/div>\n<\/div>[\/et_pb_code][\/et_pb_column][\/et_pb_row][\/et_pb_section]<\/p>\n","protected":false},"excerpt":{"rendered":"<p>Nos mod\u00e8les de v\u00eatements Nous avons plus de 200 mod\u00e8les de v\u00eatements soigneusement s\u00e9l\u00e9ctionn\u00e9s pour satisfaire \u00e0 notre client\u00e8le. &nbsp; Cliquez ici pour consulter notre catalogue de v\u00eatements.D\u00e9coration de v\u00eatements 1. DTF (Direct To Film) Le DTF est une technique d\u2019impression moderne qui permet de transf\u00e9rer des visuels d\u00e9taill\u00e9s et color\u00e9s sur une grande vari\u00e9t\u00e9 de textiles. Flexible et durable, c\u2019est la solution id\u00e9ale pour des designs complexes, multicolores et r\u00e9sistants au lavage. 2. Broderie La broderie est synonyme de prestige et de durabilit\u00e9. Gr\u00e2ce \u00e0 ses fils de haute qualit\u00e9, elle apporte une finition \u00e9l\u00e9gante et professionnelle \u00e0 vos v\u00eatements. Id\u00e9ale pour les logos et les v\u00eatements corporatifs, elle offre une r\u00e9sistance incomparable. 3. S\u00e9rigraphie M\u00e9thode classique et \u00e9prouv\u00e9e, la s\u00e9rigraphie permet d\u2019imprimer des couleurs vives et opaques avec une grande long\u00e9vit\u00e9. Parfaite pour les grandes quantit\u00e9s, elle garantit un rendu net et uniforme, m\u00eame sur des textiles fonc\u00e9s. 4. DTG (Direct To Garment) Le DTG offre une impression directement sur le tissu, id\u00e9ale pour des visuels en quadrichromie riches en d\u00e9tails. Rapide et pr\u00e9cis, ce proc\u00e9d\u00e9 est recommand\u00e9 pour les petites quantit\u00e9s et les designs personnalis\u00e9s. 5. Sublimation La sublimation est parfaite pour les textiles clairs en polyester. [&hellip;]<\/p>\n","protected":false},"author":12,"featured_media":0,"parent":0,"menu_order":0,"comment_status":"closed","ping_status":"closed","template":"","meta":{"_et_pb_use_builder":"on","_et_pb_old_content":"","_et_gb_content_width":"","footnotes":""},"class_list":["post-7324","page","type-page","status-publish","hentry"],"aioseo_notices":[],"_links":{"self":[{"href":"https:\/\/imprimearabais.ca\/en\/wp-json\/wp\/v2\/pages\/7324","targetHints":{"allow":["GET"]}}],"collection":[{"href":"https:\/\/imprimearabais.ca\/en\/wp-json\/wp\/v2\/pages"}],"about":[{"href":"https:\/\/imprimearabais.ca\/en\/wp-json\/wp\/v2\/types\/page"}],"author":[{"embeddable":true,"href":"https:\/\/imprimearabais.ca\/en\/wp-json\/wp\/v2\/users\/12"}],"replies":[{"embeddable":true,"href":"https:\/\/imprimearabais.ca\/en\/wp-json\/wp\/v2\/comments?post=7324"}],"version-history":[{"count":11,"href":"https:\/\/imprimearabais.ca\/en\/wp-json\/wp\/v2\/pages\/7324\/revisions"}],"predecessor-version":[{"id":7485,"href":"https:\/\/imprimearabais.ca\/en\/wp-json\/wp\/v2\/pages\/7324\/revisions\/7485"}],"wp:attachment":[{"href":"https:\/\/imprimearabais.ca\/en\/wp-json\/wp\/v2\/media?parent=7324"}],"curies":[{"name":"wp","href":"https:\/\/api.w.org\/{rel}","templated":true}]}}